{"id":1468,"date":"2024-06-20T07:54:31","date_gmt":"2024-06-20T07:54:31","guid":{"rendered":"https:\/\/globalmanz.com\/?page_id=1468"},"modified":"2024-06-27T10:47:09","modified_gmt":"2024-06-27T10:47:09","slug":"aviso-legal","status":"publish","type":"page","link":"http:\/\/globalmanz.com\/en\/aviso-legal\/","title":{"rendered":"Legal Notice"},"content":{"rendered":"<div data-elementor-type=\"wp-page\" data-elementor-id=\"1468\" class=\"elementor elementor-1468\">\n\t\t\t\t<div class=\"elementor-element elementor-element-860af4d e-flex e-con-boxed e-con e-parent\" data-id=\"860af4d\" data-element_type=\"container\" data-settings=\"{&quot;ekit_has_onepagescroll_dot&quot;:&quot;yes&quot;}\">\n\t\t\t\t\t<div class=\"e-con-inner\">\n\t\t\t\t<div class=\"elementor-element elementor-element-6746050 elementor-widget elementor-widget-heading\" data-id=\"6746050\" data-element_type=\"widget\" data-settings=\"{&quot;ekit_we_effect_on&quot;:&quot;none&quot;}\" data-widget_type=\"heading.default\">\n\t\t\t\t<div class=\"elementor-widget-container\">\n\t\t\t<style>\/*! elementor - v3.23.0 - 15-07-2024 *\/\n.elementor-heading-title{padding:0;margin:0;line-height:1}.elementor-widget-heading .elementor-heading-title[class*=elementor-size-]>a{color:inherit;font-size:inherit;line-height:inherit}.elementor-widget-heading .elementor-heading-title.elementor-size-small{font-size:15px}.elementor-widget-heading .elementor-heading-title.elementor-size-medium{font-size:19px}.elementor-widget-heading .elementor-heading-title.elementor-size-large{font-size:29px}.elementor-widget-heading .elementor-heading-title.elementor-size-xl{font-size:39px}.elementor-widget-heading .elementor-heading-title.elementor-size-xxl{font-size:59px}<\/style><h2 class=\"elementor-heading-title elementor-size-default\">AVISO LEGAL<\/h2>\t\t<\/div>\n\t\t\t\t<\/div>\n\t\t\t\t\t<\/div>\n\t\t\t\t<\/div>\n\t\t<div class=\"elementor-element elementor-element-b032aaa e-flex e-con-boxed e-con e-parent\" data-id=\"b032aaa\" data-element_type=\"container\" data-settings=\"{&quot;ekit_has_onepagescroll_dot&quot;:&quot;yes&quot;}\">\n\t\t\t\t\t<div class=\"e-con-inner\">\n\t\t\t\t<div class=\"elementor-element elementor-element-520c326 elementor-widget elementor-widget-text-editor\" data-id=\"520c326\" data-element_type=\"widget\" data-settings=\"{&quot;ekit_we_effect_on&quot;:&quot;none&quot;}\" data-widget_type=\"text-editor.default\">\n\t\t\t\t<div class=\"elementor-widget-container\">\n\t\t\t<style>\/*! elementor - v3.23.0 - 15-07-2024 *\/\n.elementor-widget-text-editor.elementor-drop-cap-view-stacked .elementor-drop-cap{background-color:#69727d;color:#fff}.elementor-widget-text-editor.elementor-drop-cap-view-framed .elementor-drop-cap{color:#69727d;border:3px solid;background-color:transparent}.elementor-widget-text-editor:not(.elementor-drop-cap-view-default) .elementor-drop-cap{margin-top:8px}.elementor-widget-text-editor:not(.elementor-drop-cap-view-default) .elementor-drop-cap-letter{width:1em;height:1em}.elementor-widget-text-editor .elementor-drop-cap{float:left;text-align:center;line-height:1;font-size:50px}.elementor-widget-text-editor .elementor-drop-cap-letter{display:inline-block}<\/style>\t\t\t\t<p><span style=\"font-weight: 400;\">Al acceder al sitio web ubicado en la direcci\u00f3n <\/span><a href=\"http:\/\/www.capicua.vet\/\"><span style=\"font-weight: 400;\">https:\/\/globalmanz.com\/\/<\/span><\/a><span style=\"font-weight: 400;\"> (en adelante, el \u00abSitio Web\u00bb), que es propiedad de SOLUCIONES PL\u00c1STICAS CREATIVAS, S.L. (en adelante, el \u00abGlobal Manz\u00bb), y\/o a cualquiera de las p\u00e1ginas que a trav\u00e9s del mismo puede conocer, el usuario asume el compromiso de seguir y cumplir los t\u00e9rminos y condiciones que se indicar\u00e1n a continuaci\u00f3n (en adelante los \u00abT\u00e9rminos y Condiciones\u00bb).<\/span><\/p><p><span style=\"font-weight: 400;\">Estos T\u00e9rminos y Condiciones, as\u00ed como el contenido, dise\u00f1o y organizaci\u00f3n del Sitio Web, podr\u00e1n ser revisados y\/o modificados en cualquier momento. En caso de revisi\u00f3n o modificaci\u00f3n de los T\u00e9rminos y Condiciones, su nueva redacci\u00f3n ser\u00e1 inmediatamente publicada y se encontrar\u00e1 accesible en el Sitio Web, resultando aplicable desde ese momento. Para estar correctamente informado acerca de los T\u00e9rminos y Condiciones que resultan aplicables en cada momento, el usuario debe revisar peri\u00f3dicamente los mismos.<\/span><\/p><p><span style=\"font-weight: 400;\">El uso del Sitio Web, incluyendo el acceso por los usuarios y la navegaci\u00f3n a trav\u00e9s del mismo, es libre y gratuito e implica el cumplimiento de los presentes T\u00e9rminos y Condiciones, de la legislaci\u00f3n espa\u00f1ola y de las buenas costumbres y los usos aceptados en el \u00e1mbito de Internet.<\/span><\/p><p><span style=\"font-weight: 400;\">Los presentes T\u00e9rminos y Condiciones son aplicables a todos los usuarios que utilicen el Sitio Web. No obstante, en caso de que en el futuro se incluyan nuevas secciones en el Sitio Web que presten servicios espec\u00edficos, Global Manz podr\u00eda incluir en las mismas T\u00e9rminos y Condiciones espec\u00edficos, aplicables a dichas secciones bien con prioridad sobre los presentes T\u00e9rminos y Condiciones, o bien complementando los mismos.<\/span><\/p><p><span style=\"font-weight: 400;\">A pesar de que Global Manz desea prestar a los usuarios a trav\u00e9s del Sitio Web un servicio continuado, el mismo podr\u00eda ser interrumpido por circunstancias de diversa \u00edndole. En tal caso, Global Manz intentar\u00eda avisar a sus usuarios con la necesaria antelaci\u00f3n, siempre que ello fuera posible.<\/span><\/p><p><b>Exclusi\u00f3n de responsabilidad<\/b><\/p><p><span style=\"font-weight: 400;\">La informaci\u00f3n respecto a los productos y servicios que ofrece Global Manz en el Sitio Web no refleja todos los t\u00e9rminos y condiciones aplicables a cada uno de los productos y\/o servicios comercializados por Global Manz. Los contenidos incluidos en el Sitio Web son elaborados por Global Manz con informaci\u00f3n propia as\u00ed como con informaci\u00f3n externa, de ah\u00ed la gran cantidad de informaci\u00f3n accesible para el usuario. En consecuencia, Global Manz, no garantiza la total actualizaci\u00f3n y\/o exactitud y\/o disponibilidad en todo momento de los contenidos de su Sitio Web, si bien hace todo lo posible para que as\u00ed sea. Igualmente Global Manz, no garantiza la utilidad de su Sitio Web o de sus servicios para ninguna actividad en particular por lo que el acceso al Sitio Web y el uso de sus contenidos se realiza bajo la responsabilidad del usuario.<\/span><\/p><p><b>Links o hiperv\u00ednculos<\/b><\/p><p><span style=\"font-weight: 400;\">El Sitio Web puede tener hiperv\u00ednculos con otros sitios web, que no son editados, controlados, mantenidos o supervisados por Global Manz, no siendo responsable por tanto del contenido de dichos sitios web. El contenido de los mismos es responsabilidad de sus respectivos titulares, y Global Manz no garantiza ni aprueba dichos contenidos.<\/span><\/p><p><span style=\"font-weight: 400;\">Aquellos usuarios que deseen establecer hiperv\u00ednculos al Sitio Web deber\u00e1n abstenerse de realizar manifestaciones falsas, inexactas o incorrectas sobre el Sitio Web o su contenido. En ning\u00fan caso se declarar\u00e1 ni se dar\u00e1 a entender que Global Manz autoriza el hiperv\u00ednculo, o que supervisa, aprueba o asume de cualquier forma los contenidos o servicios ofrecidos o puestos a disposici\u00f3n de la p\u00e1gina web en la que se establezca el hiperenlace al Sitio Web.<\/span><\/p><p><span style=\"font-weight: 400;\">El establecimiento del hiperv\u00ednculo no implica en ning\u00fan caso la existencia de relaci\u00f3n alguna entre Global Manz y el titular de la p\u00e1gina web en la que se establezca el mismo. No se establecer\u00e1n hiperv\u00ednculos al Sitio Web en p\u00e1ginas web que incluyan informaci\u00f3n o contenidos il\u00edcitos, inmorales o contrarios a las buenas costumbres, al orden p\u00fablico, a los usos aceptados en Internet o que de cualquier forma contravengan derechos de terceros.<\/span><\/p><p><span style=\"font-weight: 400;\">Los hiperv\u00ednculos que, en su caso, y respetando las exigencias anteriormente expuestas, se establezcan al Sitio Web desde otras p\u00e1ginas web permitir\u00e1n el acceso al Sitio Web, pero no reproducir\u00e1n su contenido en forma alguna, y prescindir\u00e1n en todo caso del uso de browsers o border environments.<\/span><\/p><p><b>Propiedad Intelectual e Industrial<\/b><\/p><p><span style=\"font-weight: 400;\">Todos los dise\u00f1os, marcas, nombres, denominaciones, im\u00e1genes, logos, gr\u00e1ficos, iconos, nombres de dominio, aplicaciones, y todo otro contenido del Sitio Web pertenecen a Global Manz, o en su caso, cuenta con licencia para su uso, y gozan, en consecuencia, de la protecci\u00f3n propia de los derechos sobre la propiedad intelectual e industrial.<\/span><\/p><p><span style=\"font-weight: 400;\">Todos los derechos de propiedad intelectual y copyright de los contenidos de este Sitio Web se reservan a Global Manz y sus licenciantes y en ning\u00fan caso el acceso al Sitio Web implica dejaci\u00f3n alguna por parte de Global Manz en dichos derechos a favor del usuario.<\/span><\/p><p><span style=\"font-weight: 400;\">Los usuarios del sitio web pueden hacer uso privado del Sitio Web y de su contenido. En ning\u00fan caso podr\u00e1n hacer uso comercial de los mismos, ni alterarlos en cualquier manera, reproducirlos m\u00e1s all\u00e1 de su uso privado, distribuirlos o comunicarlos p\u00fablicamente. Cualquier copia o uso no autorizado del dise\u00f1o o contenido que difiera del expresamente permitido por Global Manz, en su car\u00e1cter de titular de los derechos de propiedad intelectual, afectar\u00e1 a los derechos del mencionado titular conforme los tratados internacionales y la normativa aplicable y vigente en Espa\u00f1a.<\/span><\/p><p><span style=\"font-weight: 400;\">Queda estrictamente prohibida la utilizaci\u00f3n de los contenidos del Sitio Web con cualquier prop\u00f3sito o de cualquier manera distinta de la permitida por Global Manz en los presentes T\u00e9rminos y Condiciones. En caso de que los usuarios deseen utilizar las marcas, nombres, logos o cualquier otro signo distintivo con el fin de identificar los hiperv\u00ednculos que se establezcan en otros sitios web al Sitio Web de Global Manz, pueden solicitar la autorizaci\u00f3n necesaria poni\u00e9ndose en contacto con el webmaster a trav\u00e9s del link disponible al final de los presentes T\u00e9rminos y Condiciones.<\/span><\/p><p><b>Uso del correo electr\u00f3nico<\/b><\/p><p><span style=\"font-weight: 400;\">El usuario puede utilizar el correo electr\u00f3nico michael@globalmanz.com para ponerse en contacto con Global Manz, para los fines se\u00f1alados en los presentes T\u00e9rminos y Condiciones y en la Pol\u00edtica de Privacidad.<\/span><\/p><p><span style=\"font-weight: 400;\">A pesar de que es deseo de Global Manz atender los correos electr\u00f3nicos recibidos con prontitud, Global Manz no garantiza la respuesta a los mismos, que depender\u00e1 del volumen de correspondencia recibida y de la complejidad de las cuestiones planteadas.<\/span><\/p><p><span style=\"font-weight: 400;\">Global Manz no garantiza tampoco el funcionamiento del correo electr\u00f3nico, tanto en la recepci\u00f3n como en el env\u00edo, por estar fuera de su control. Toda la informaci\u00f3n recibida por esta v\u00eda de los usuarios del sitio web ser\u00e1 tratada conforme a lo establecido en la Pol\u00edtica de Privacidad.<\/span><\/p><p><b>Jurisdicci\u00f3n y ley aplicable<\/b><\/p><p><span style=\"font-weight: 400;\">Toda controversia o conflicto que pueda surgir como consecuencia del uso del Sitio Web ser\u00e1 resuelto de acuerdo con la legislaci\u00f3n vigente en Espa\u00f1a, someti\u00e9ndose a la jurisdicci\u00f3n y competencia de los Juzgados y Tribunales.<\/span><\/p><p><span style=\"font-weight: 400;\">Informaci\u00f3n relevante de Global Manz:<\/span><\/p><p><span style=\"font-weight: 400;\">SOLUCIONES PL\u00c1STICAS CREATIVAS, S.L.<\/span><\/p><p><span style=\"font-weight: 400;\">B97868921<\/span><\/p><p><span style=\"font-weight: 400;\">Av. de la Diputaci\u00f3 Provincial, 12 &#8211; 1 1<\/span><\/p><p><span style=\"font-weight: 400;\">L&#8217;Oller\u00eda (46850), Valencia, Espa\u00f1a<\/span><\/p>\t\t\t\t\t\t<\/div>\n\t\t\t\t<\/div>\n\t\t\t\t\t<\/div>\n\t\t\t\t<\/div>\n\t\t\t\t<\/div>","protected":false},"excerpt":{"rendered":"<p>AVISO LEGAL Al acceder al sitio web ubicado en la direcci\u00f3n https:\/\/globalmanz.com\/\/ (en adelante, el \u00abSitio Web\u00bb), que es propiedad de SOLUCIONES PL\u00c1STICAS CREATIVAS, S.L. (en adelante, el \u00abGlobal Manz\u00bb), y\/o a cualquiera de las p\u00e1ginas que a trav\u00e9s del mismo puede conocer, el usuario asume el compromiso de seguir y cumplir los t\u00e9rminos y &hellip;<\/p>\n<p class=\"read-more\"> <a class=\"\" href=\"http:\/\/globalmanz.com\/en\/aviso-legal\/\"> <span class=\"screen-reader-text\">Legal Notice<\/span> Read More \"<\/a><\/p>","protected":false},"author":1,"featured_media":0,"parent":0,"menu_order":0,"comment_status":"closed","ping_status":"closed","template":"","meta":{"site-sidebar-layout":"no-sidebar","site-content-layout":"page-builder","ast-global-header-display":"","ast-banner-title-visibility":"","ast-main-header-display":"","ast-hfb-above-header-display":"","ast-hfb-below-header-display":"","ast-hfb-mobile-header-display":"","site-post-title":"disabled","ast-breadcrumbs-content":"","ast-featured-img":"disabled","footer-sml-layout":"","theme-transparent-header-meta":"","adv-header-id-meta":"","stick-header-meta":"","header-above-stick-meta":"","header-main-stick-meta":"","header-below-stick-meta":"","footnotes":""},"class_list":["post-1468","page","type-page","status-publish","hentry"],"yoast_head":"<!-- This site is optimized with the Yoast SEO plugin v20.7 - https:\/\/yoast.com\/wordpress\/plugins\/seo\/ -->\n<title>Aviso Legal &bull; Global Manz<\/title>\n<meta name=\"robots\" content=\"noindex, follow\" \/>\n<meta property=\"og:locale\" content=\"en_US\" \/>\n<meta property=\"og:type\" content=\"article\" \/>\n<meta property=\"og:title\" content=\"Aviso Legal &bull; Global Manz\" \/>\n<meta property=\"og:description\" content=\"AVISO LEGAL Al acceder al sitio web ubicado en la direcci\u00f3n https:\/\/globalmanz.com\/\/ (en adelante, el \u00abSitio Web\u00bb), que es propiedad de SOLUCIONES PL\u00c1STICAS CREATIVAS, S.L. (en adelante, el \u00abGlobal Manz\u00bb), y\/o a cualquiera de las p\u00e1ginas que a trav\u00e9s del mismo puede conocer, el usuario asume el compromiso de seguir y cumplir los t\u00e9rminos y &hellip; Aviso Legal Read More &raquo;\" \/>\n<meta property=\"og:url\" content=\"http:\/\/globalmanz.com\/en\/aviso-legal\/\" \/>\n<meta property=\"og:site_name\" content=\"Global Manz\" \/>\n<meta property=\"article:publisher\" content=\"https:\/\/facebook.com\/globalmanz\" \/>\n<meta property=\"article:modified_time\" content=\"2024-06-27T10:47:09+00:00\" \/>\n<meta name=\"twitter:card\" content=\"summary_large_image\" \/>\n<meta name=\"twitter:label1\" content=\"Est. reading time\" \/>\n\t<meta name=\"twitter:data1\" content=\"6 minutes\" \/>\n<script type=\"application\/ld+json\" class=\"yoast-schema-graph\">{\"@context\":\"https:\/\/schema.org\",\"@graph\":[{\"@type\":\"WebPage\",\"@id\":\"https:\/\/globalmanz.com\/aviso-legal\/\",\"url\":\"https:\/\/globalmanz.com\/aviso-legal\/\",\"name\":\"Aviso Legal &bull; Global Manz\",\"isPartOf\":{\"@id\":\"https:\/\/globalmanz.com\/#website\"},\"datePublished\":\"2024-06-20T07:54:31+00:00\",\"dateModified\":\"2024-06-27T10:47:09+00:00\",\"breadcrumb\":{\"@id\":\"https:\/\/globalmanz.com\/aviso-legal\/#breadcrumb\"},\"inLanguage\":\"en-US\",\"potentialAction\":[{\"@type\":\"ReadAction\",\"target\":[\"https:\/\/globalmanz.com\/aviso-legal\/\"]}]},{\"@type\":\"BreadcrumbList\",\"@id\":\"https:\/\/globalmanz.com\/aviso-legal\/#breadcrumb\",\"itemListElement\":[{\"@type\":\"ListItem\",\"position\":1,\"name\":\"Portada\",\"item\":\"https:\/\/globalmanz.com\/\"},{\"@type\":\"ListItem\",\"position\":2,\"name\":\"Aviso Legal\"}]},{\"@type\":\"WebSite\",\"@id\":\"https:\/\/globalmanz.com\/#website\",\"url\":\"https:\/\/globalmanz.com\/\",\"name\":\"Global Manz\",\"description\":\"\",\"publisher\":{\"@id\":\"https:\/\/globalmanz.com\/#organization\"},\"potentialAction\":[{\"@type\":\"SearchAction\",\"target\":{\"@type\":\"EntryPoint\",\"urlTemplate\":\"https:\/\/globalmanz.com\/?s={search_term_string}\"},\"query-input\":\"required name=search_term_string\"}],\"inLanguage\":\"en-US\"},{\"@type\":\"Organization\",\"@id\":\"https:\/\/globalmanz.com\/#organization\",\"name\":\"Global Manz\",\"url\":\"https:\/\/globalmanz.com\/\",\"logo\":{\"@type\":\"ImageObject\",\"inLanguage\":\"en-US\",\"@id\":\"https:\/\/globalmanz.com\/#\/schema\/logo\/image\/\",\"url\":\"https:\/\/globalmanz.com\/wp-content\/uploads\/2023\/06\/Logo-Global-Manz.svg\",\"contentUrl\":\"https:\/\/globalmanz.com\/wp-content\/uploads\/2023\/06\/Logo-Global-Manz.svg\",\"width\":1,\"height\":1,\"caption\":\"Global Manz\"},\"image\":{\"@id\":\"https:\/\/globalmanz.com\/#\/schema\/logo\/image\/\"},\"sameAs\":[\"https:\/\/facebook.com\/globalmanz\",\"https:\/\/instagram.com\/globalmanz\"]}]}<\/script>\n<!-- \/ Yoast SEO plugin. -->","yoast_head_json":{"title":"Aviso Legal &bull; Global Manz","robots":{"index":"noindex","follow":"follow"},"og_locale":"en_US","og_type":"article","og_title":"Aviso Legal &bull; Global Manz","og_description":"AVISO LEGAL Al acceder al sitio web ubicado en la direcci\u00f3n https:\/\/globalmanz.com\/\/ (en adelante, el \u00abSitio Web\u00bb), que es propiedad de SOLUCIONES PL\u00c1STICAS CREATIVAS, S.L. (en adelante, el \u00abGlobal Manz\u00bb), y\/o a cualquiera de las p\u00e1ginas que a trav\u00e9s del mismo puede conocer, el usuario asume el compromiso de seguir y cumplir los t\u00e9rminos y &hellip; Aviso Legal Read More &raquo;","og_url":"http:\/\/globalmanz.com\/en\/aviso-legal\/","og_site_name":"Global Manz","article_publisher":"https:\/\/facebook.com\/globalmanz","article_modified_time":"2024-06-27T10:47:09+00:00","twitter_card":"summary_large_image","twitter_misc":{"Est. reading time":"6 minutes"},"schema":{"@context":"https:\/\/schema.org","@graph":[{"@type":"WebPage","@id":"https:\/\/globalmanz.com\/aviso-legal\/","url":"https:\/\/globalmanz.com\/aviso-legal\/","name":"Aviso Legal &bull; Global Manz","isPartOf":{"@id":"https:\/\/globalmanz.com\/#website"},"datePublished":"2024-06-20T07:54:31+00:00","dateModified":"2024-06-27T10:47:09+00:00","breadcrumb":{"@id":"https:\/\/globalmanz.com\/aviso-legal\/#breadcrumb"},"inLanguage":"en-US","potentialAction":[{"@type":"ReadAction","target":["https:\/\/globalmanz.com\/aviso-legal\/"]}]},{"@type":"BreadcrumbList","@id":"https:\/\/globalmanz.com\/aviso-legal\/#breadcrumb","itemListElement":[{"@type":"ListItem","position":1,"name":"Portada","item":"https:\/\/globalmanz.com\/"},{"@type":"ListItem","position":2,"name":"Aviso Legal"}]},{"@type":"WebSite","@id":"https:\/\/globalmanz.com\/#website","url":"https:\/\/globalmanz.com\/","name":"Global Manz","description":"","publisher":{"@id":"https:\/\/globalmanz.com\/#organization"},"potentialAction":[{"@type":"SearchAction","target":{"@type":"EntryPoint","urlTemplate":"https:\/\/globalmanz.com\/?s={search_term_string}"},"query-input":"required name=search_term_string"}],"inLanguage":"en-US"},{"@type":"Organization","@id":"https:\/\/globalmanz.com\/#organization","name":"Global Manz","url":"https:\/\/globalmanz.com\/","logo":{"@type":"ImageObject","inLanguage":"en-US","@id":"https:\/\/globalmanz.com\/#\/schema\/logo\/image\/","url":"https:\/\/globalmanz.com\/wp-content\/uploads\/2023\/06\/Logo-Global-Manz.svg","contentUrl":"https:\/\/globalmanz.com\/wp-content\/uploads\/2023\/06\/Logo-Global-Manz.svg","width":1,"height":1,"caption":"Global Manz"},"image":{"@id":"https:\/\/globalmanz.com\/#\/schema\/logo\/image\/"},"sameAs":["https:\/\/facebook.com\/globalmanz","https:\/\/instagram.com\/globalmanz"]}]}},"_links":{"self":[{"href":"http:\/\/globalmanz.com\/en\/wp-json\/wp\/v2\/pages\/1468","targetHints":{"allow":["GET"]}}],"collection":[{"href":"http:\/\/globalmanz.com\/en\/wp-json\/wp\/v2\/pages"}],"about":[{"href":"http:\/\/globalmanz.com\/en\/wp-json\/wp\/v2\/types\/page"}],"author":[{"embeddable":true,"href":"http:\/\/globalmanz.com\/en\/wp-json\/wp\/v2\/users\/1"}],"replies":[{"embeddable":true,"href":"http:\/\/globalmanz.com\/en\/wp-json\/wp\/v2\/comments?post=1468"}],"version-history":[{"count":0,"href":"http:\/\/globalmanz.com\/en\/wp-json\/wp\/v2\/pages\/1468\/revisions"}],"wp:attachment":[{"href":"http:\/\/globalmanz.com\/en\/wp-json\/wp\/v2\/media?parent=1468"}],"curies":[{"name":"wp","href":"https:\/\/api.w.org\/{rel}","templated":true}]}}