{"id":1764,"date":"2024-06-25T10:38:47","date_gmt":"2024-06-25T10:38:47","guid":{"rendered":"https:\/\/globalmanz.com\/?page_id=1764"},"modified":"2024-07-15T10:11:35","modified_gmt":"2024-07-15T10:11:35","slug":"contacto","status":"publish","type":"page","link":"http:\/\/globalmanz.com\/en\/contacto\/","title":{"rendered":"Contact us"},"content":{"rendered":"<div data-elementor-type=\"wp-page\" data-elementor-id=\"1764\" class=\"elementor elementor-1764\">\n\t\t\t\t<div class=\"elementor-element elementor-element-57e2465 e-flex e-con-boxed e-con e-parent\" data-id=\"57e2465\" data-element_type=\"container\" data-settings=\"{&quot;background_background&quot;:&quot;classic&quot;,&quot;ekit_has_onepagescroll_dot&quot;:&quot;yes&quot;}\">\n\t\t\t\t\t<div class=\"e-con-inner\">\n\t\t<div class=\"elementor-element elementor-element-1629092 e-con-full e-flex e-con e-child\" data-id=\"1629092\" data-element_type=\"container\" data-settings=\"{&quot;ekit_has_onepagescroll_dot&quot;:&quot;yes&quot;}\">\n\t\t\t\t<div class=\"elementor-element elementor-element-ca92733 elementor-widget elementor-widget-heading\" data-id=\"ca92733\" data-element_type=\"widget\" data-settings=\"{&quot;ekit_we_effect_on&quot;:&quot;none&quot;}\" data-widget_type=\"heading.default\">\n\t\t\t\t<div class=\"elementor-widget-container\">\n\t\t\t<style>\/*! elementor - v3.23.0 - 15-07-2024 *\/\n.elementor-heading-title{padding:0;margin:0;line-height:1}.elementor-widget-heading .elementor-heading-title[class*=elementor-size-]>a{color:inherit;font-size:inherit;line-height:inherit}.elementor-widget-heading .elementor-heading-title.elementor-size-small{font-size:15px}.elementor-widget-heading .elementor-heading-title.elementor-size-medium{font-size:19px}.elementor-widget-heading .elementor-heading-title.elementor-size-large{font-size:29px}.elementor-widget-heading .elementor-heading-title.elementor-size-xl{font-size:39px}.elementor-widget-heading .elementor-heading-title.elementor-size-xxl{font-size:59px}<\/style><h2 class=\"elementor-heading-title elementor-size-default\">Get in touch with us<\/h2>\t\t<\/div>\n\t\t\t\t<\/div>\n\t\t\t\t<div class=\"elementor-element elementor-element-e45420b elementor-widget elementor-widget-text-editor\" data-id=\"e45420b\" data-element_type=\"widget\" data-settings=\"{&quot;ekit_we_effect_on&quot;:&quot;none&quot;}\" data-widget_type=\"text-editor.default\">\n\t\t\t\t<div class=\"elementor-widget-container\">\n\t\t\t<style>\/*! elementor - v3.23.0 - 15-07-2024 *\/\n.elementor-widget-text-editor.elementor-drop-cap-view-stacked .elementor-drop-cap{background-color:#69727d;color:#fff}.elementor-widget-text-editor.elementor-drop-cap-view-framed .elementor-drop-cap{color:#69727d;border:3px solid;background-color:transparent}.elementor-widget-text-editor:not(.elementor-drop-cap-view-default) .elementor-drop-cap{margin-top:8px}.elementor-widget-text-editor:not(.elementor-drop-cap-view-default) .elementor-drop-cap-letter{width:1em;height:1em}.elementor-widget-text-editor .elementor-drop-cap{float:left;text-align:center;line-height:1;font-size:50px}.elementor-widget-text-editor .elementor-drop-cap-letter{display:inline-block}<\/style>\t\t\t\t<p>Do you have any questions or need more information?\u00a0<\/p><p>We are here to help you! You can contact us through the following means:<\/p>\t\t\t\t\t\t<\/div>\n\t\t\t\t<\/div>\n\t\t\t\t<div class=\"elementor-element elementor-element-0381d3d elementor-list-item-link-inline elementor-align-left elementor-icon-list--layout-traditional elementor-widget elementor-widget-icon-list\" data-id=\"0381d3d\" data-element_type=\"widget\" data-settings=\"{&quot;ekit_we_effect_on&quot;:&quot;none&quot;}\" data-widget_type=\"icon-list.default\">\n\t\t\t\t<div class=\"elementor-widget-container\">\n\t\t\t<link rel=\"stylesheet\" href=\"https:\/\/globalmanz.com\/wp-content\/plugins\/elementor\/assets\/css\/widget-icon-list.min.css\">\t\t<ul class=\"elementor-icon-list-items\">\n\t\t\t\t\t\t\t<li class=\"elementor-icon-list-item\">\n\t\t\t\t\t\t\t\t\t\t\t<span class=\"elementor-icon-list-icon\">\n\t\t\t\t\t\t\t<i aria-hidden=\"true\" class=\"icon icon-phone-handset\"><\/i>\t\t\t\t\t\t<\/span>\n\t\t\t\t\t\t\t\t\t\t<span class=\"elementor-icon-list-text\">+34 607 78 36 36<\/span>\n\t\t\t\t\t\t\t\t\t<\/li>\n\t\t\t\t\t\t\t\t<li class=\"elementor-icon-list-item\">\n\t\t\t\t\t\t\t\t\t\t\t<a href=\"mailto:contacto@globalmanz.com\">\n\n\t\t\t\t\t\t\t\t\t\t\t\t<span class=\"elementor-icon-list-icon\">\n\t\t\t\t\t\t\t<i aria-hidden=\"true\" class=\"icon icon-envelope\"><\/i>\t\t\t\t\t\t<\/span>\n\t\t\t\t\t\t\t\t\t\t<span class=\"elementor-icon-list-text\">michael@globalmanz.com<\/span>\n\t\t\t\t\t\t\t\t\t\t\t<\/a>\n\t\t\t\t\t\t\t\t\t<\/li>\n\t\t\t\t\t\t<\/ul>\n\t\t\t\t<\/div>\n\t\t\t\t<\/div>\n\t\t\t\t<\/div>\n\t\t<div class=\"elementor-element elementor-element-0304ba3 e-con-full e-flex e-con e-child\" data-id=\"0304ba3\" data-element_type=\"container\" data-settings=\"{&quot;ekit_has_onepagescroll_dot&quot;:&quot;yes&quot;}\">\n\t\t\t\t<div class=\"elementor-element elementor-element-e668942 elementor-widget elementor-widget-image\" data-id=\"e668942\" data-element_type=\"widget\" data-settings=\"{&quot;ekit_we_effect_on&quot;:&quot;none&quot;}\" data-widget_type=\"image.default\">\n\t\t\t\t<div class=\"elementor-widget-container\">\n\t\t\t<style>\/*! elementor - v3.23.0 - 15-07-2024 *\/\n.elementor-widget-image{text-align:center}.elementor-widget-image a{display:inline-block}.elementor-widget-image a img[src$=\".svg\"]{width:48px}.elementor-widget-image img{vertical-align:middle;display:inline-block}<\/style>\t\t\t\t\t\t\t\t\t\t<img fetchpriority=\"high\" decoding=\"async\" width=\"897\" height=\"599\" src=\"https:\/\/globalmanz.com\/wp-content\/uploads\/2024\/07\/pexels-kampus-8204317.webp\" class=\"attachment-large size-large wp-image-2014\" alt=\"Contacto Global Manz\" srcset=\"https:\/\/globalmanz.com\/wp-content\/uploads\/2024\/07\/pexels-kampus-8204317.webp 897w, https:\/\/globalmanz.com\/wp-content\/uploads\/2024\/07\/pexels-kampus-8204317-300x200.webp 300w, https:\/\/globalmanz.com\/wp-content\/uploads\/2024\/07\/pexels-kampus-8204317-768x513.webp 768w, https:\/\/globalmanz.com\/wp-content\/uploads\/2024\/07\/pexels-kampus-8204317-18x12.webp 18w\" sizes=\"(max-width: 897px) 100vw, 897px\" \/>\t\t\t\t\t\t\t\t\t\t\t\t\t<\/div>\n\t\t\t\t<\/div>\n\t\t\t\t<\/div>\n\t\t\t\t\t<\/div>\n\t\t\t\t<\/div>\n\t\t<div class=\"elementor-element elementor-element-dec16a7 e-flex e-con-boxed e-con e-parent\" data-id=\"dec16a7\" data-element_type=\"container\" data-settings=\"{&quot;ekit_has_onepagescroll_dot&quot;:&quot;yes&quot;}\">\n\t\t\t\t\t<div class=\"e-con-inner\">\n\t\t<div class=\"elementor-element elementor-element-62ed334 e-con-full e-flex e-con e-child\" data-id=\"62ed334\" data-element_type=\"container\" data-settings=\"{&quot;ekit_has_onepagescroll_dot&quot;:&quot;yes&quot;}\">\n\t\t\t\t<div class=\"elementor-element elementor-element-bdfea8d elementor-widget elementor-widget-heading\" data-id=\"bdfea8d\" data-element_type=\"widget\" data-settings=\"{&quot;ekit_we_effect_on&quot;:&quot;none&quot;}\" data-widget_type=\"heading.default\">\n\t\t\t\t<div class=\"elementor-widget-container\">\n\t\t\t<h2 class=\"elementor-heading-title elementor-size-default\">Formulario de contacto<\/h2>\t\t<\/div>\n\t\t\t\t<\/div>\n\t\t\t\t<\/div>\n\t\t<div class=\"elementor-element elementor-element-569c82c e-con-full e-flex e-con e-child\" data-id=\"569c82c\" data-element_type=\"container\" data-settings=\"{&quot;ekit_has_onepagescroll_dot&quot;:&quot;yes&quot;}\">\n\t\t\t\t<div class=\"elementor-element elementor-element-d1a9184 elementor-widget elementor-widget-shortcode\" data-id=\"d1a9184\" data-element_type=\"widget\" data-settings=\"{&quot;ekit_we_effect_on&quot;:&quot;none&quot;}\" data-widget_type=\"shortcode.default\">\n\t\t\t\t<div class=\"elementor-widget-container\">\n\t\t\t\t\t<div class=\"elementor-shortcode\">\n<div class=\"wpcf7 no-js\" id=\"wpcf7-f6-o1\" lang=\"es-ES\" dir=\"ltr\">\n<div class=\"screen-reader-response\"><p role=\"status\" aria-live=\"polite\" aria-atomic=\"true\"><\/p> <ul><\/ul><\/div>\n<form action=\"\/en\/wp-json\/wp\/v2\/pages\/1764#wpcf7-f6-o1\" method=\"post\" class=\"wpcf7-form init\" aria-label=\"Formulario de contacto\" novalidate=\"novalidate\" data-status=\"init\" data-trp-original-action=\"\/en\/wp-json\/wp\/v2\/pages\/1764#wpcf7-f6-o1\">\n<div style=\"display: none;\">\n<input type=\"hidden\" name=\"_wpcf7\" value=\"6\" \/>\n<input type=\"hidden\" name=\"_wpcf7_version\" value=\"5.9.7\" \/>\n<input type=\"hidden\" name=\"_wpcf7_locale\" value=\"es_ES\" \/>\n<input type=\"hidden\" name=\"_wpcf7_unit_tag\" value=\"wpcf7-f6-o1\" \/>\n<input type=\"hidden\" name=\"_wpcf7_container_post\" value=\"0\" \/>\n<input type=\"hidden\" name=\"_wpcf7_posted_data_hash\" value=\"\" \/>\n<\/div>\n<div class=\"cf-container\">\n\t<div class=\"cf-col-6\">\n\t\t<p><span class=\"wpcf7-form-control-wrap\" data-name=\"Nombre\"><input size=\"40\" maxlength=\"400\" class=\"wpcf7-form-control wpcf7-text wpcf7-validates-as-required\" aria-required=\"true\" aria-invalid=\"false\" value=\"Nombre*\" type=\"text\" name=\"Nombre\" \/><\/span>\n\t\t<\/p>\n\t<\/div>\n\t<div class=\"cf-col-6\">\n\t\t<p><span class=\"wpcf7-form-control-wrap\" data-name=\"Empresa\"><input size=\"40\" maxlength=\"400\" class=\"wpcf7-form-control wpcf7-text wpcf7-validates-as-required\" aria-required=\"true\" aria-invalid=\"false\" value=\"Empresa*\" type=\"text\" name=\"Empresa\" \/><\/span>\n\t\t<\/p>\n\t<\/div>\n\t<div class=\"cf-col-6\">\n\t\t<p><span class=\"wpcf7-form-control-wrap\" data-name=\"mail\"><input size=\"40\" maxlength=\"400\" class=\"wpcf7-form-control wpcf7-email wpcf7-validates-as-required wpcf7-text wpcf7-validates-as-email\" aria-required=\"true\" aria-invalid=\"false\" value=\"Email*\" type=\"email\" name=\"mail\" \/><\/span>\n\t\t<\/p>\n\t<\/div>\n\t<div class=\"cf-col-6\">\n\t\t<p><span class=\"wpcf7-form-control-wrap\" data-name=\"Telefono\"><input size=\"40\" maxlength=\"400\" class=\"wpcf7-form-control wpcf7-tel wpcf7-text wpcf7-validates-as-tel\" aria-invalid=\"false\" value=\"Tel\u00e9fono\" type=\"tel\" name=\"Telefono\" \/><\/span>\n\t\t<\/p>\n\t<\/div>\n\t<div class=\"cf-col-6\">\n\t\t<p><span class=\"wpcf7-form-control-wrap\" data-name=\"Sectordeinteres\"><input size=\"40\" maxlength=\"400\" class=\"wpcf7-form-control wpcf7-text wpcf7-validates-as-required\" aria-required=\"true\" aria-invalid=\"false\" value=\"Sector de inter\u00e9s*\" type=\"text\" name=\"Sectordeinteres\" \/><\/span>\n\t\t<\/p>\n\t<\/div>\n\t<div class=\"cf-col-12\">\n\t\t<p><span class=\"wpcf7-form-control-wrap\" data-name=\"Mensaje\"><textarea cols=\"40\" rows=\"10\" maxlength=\"2000\" class=\"wpcf7-form-control wpcf7-textarea\" aria-invalid=\"false\" name=\"Mensaje\">Mensaje*<\/textarea><\/span>\n\t\t<\/p>\n\t<\/div>\n\t<div class=\"cf-col-12\">\n\t\t<p><span class=\"wpcf7-form-control-wrap\" data-name=\"Terminosycondiciones\"><span class=\"wpcf7-form-control wpcf7-acceptance\"><span class=\"wpcf7-list-item\"><label><input type=\"checkbox\" name=\"Terminosycondiciones\" value=\"1\" aria-invalid=\"false\" \/><span class=\"wpcf7-list-item-label\">Haz click aqu\u00ed y acepta nuestros t\u00e9rminos, condiciones y pol\u00edtica de privacidad.<\/span><\/label><\/span><\/span><\/span>\n\t\t<\/p>\n\t<\/div>\n\t<div class=\"cf-col-2 cf-push-5\">\n\t\t<p><input class=\"wpcf7-form-control wpcf7-submit has-spinner\" type=\"submit\" value=\"\u00a1Enviar!\" \/>\n\t\t<\/p>\n\t<\/div>\n<\/div><p style=\"display: none !important;\" class=\"akismet-fields-container\" data-prefix=\"_wpcf7_ak_\"><label>&#916;<textarea name=\"_wpcf7_ak_hp_textarea\" cols=\"45\" rows=\"8\" maxlength=\"100\"><\/textarea><\/label><input type=\"hidden\" id=\"ak_js_1\" name=\"_wpcf7_ak_js\" value=\"124\"\/><script>document.getElementById( \"ak_js_1\" ).setAttribute( \"value\", ( new Date() ).getTime() );<\/script><\/p><div class=\"wpcf7-response-output\" aria-hidden=\"true\"><\/div>\n<input type=\"hidden\" name=\"trp-form-language\" value=\"en\"\/><\/form>\n<\/div>\n<\/div>\n\t\t\t\t<\/div>\n\t\t\t\t<\/div>\n\t\t\t\t<\/div>\n\t\t\t\t\t<\/div>\n\t\t\t\t<\/div>\n\t\t\t\t<\/div>","protected":false},"excerpt":{"rendered":"<p>Ponte en contacto con nosotros \u00bfTienes alguna pregunta o necesitas m\u00e1s informaci\u00f3n?\u00a0 \u00a1Estamos aqu\u00ed para ayudarte! Puedes ponerte en contacto con nosotros a trav\u00e9s de los siguientes medios: +34 607 78 36 36 michael@globalmanz.com Formulario de contacto<\/p>","protected":false},"author":1,"featured_media":0,"parent":0,"menu_order":0,"comment_status":"closed","ping_status":"closed","template":"","meta":{"site-sidebar-layout":"no-sidebar","site-content-layout":"page-builder","ast-global-header-display":"","ast-banner-title-visibility":"","ast-main-header-display":"","ast-hfb-above-header-display":"","ast-hfb-below-header-display":"","ast-hfb-mobile-header-display":"","site-post-title":"disabled","ast-breadcrumbs-content":"","ast-featured-img":"disabled","footer-sml-layout":"","theme-transparent-header-meta":"","adv-header-id-meta":"","stick-header-meta":"","header-above-stick-meta":"","header-main-stick-meta":"","header-below-stick-meta":"","footnotes":""},"class_list":["post-1764","page","type-page","status-publish","hentry"],"yoast_head":"<!-- This site is optimized with the Yoast SEO plugin v20.7 - https:\/\/yoast.com\/wordpress\/plugins\/seo\/ -->\n<title>Contacto &bull; Global Manz<\/title>\n<meta name=\"robots\" content=\"index, follow, max-snippet:-1, max-image-preview:large, max-video-preview:-1\" \/>\n<link rel=\"canonical\" href=\"http:\/\/globalmanz.com\/en\/contacto\/\" \/>\n<meta property=\"og:locale\" content=\"en_US\" \/>\n<meta property=\"og:type\" content=\"article\" \/>\n<meta property=\"og:title\" content=\"Contacto &bull; Global Manz\" \/>\n<meta property=\"og:description\" content=\"Ponte en contacto con nosotros \u00bfTienes alguna pregunta o necesitas m\u00e1s informaci\u00f3n?\u00a0 \u00a1Estamos aqu\u00ed para ayudarte! Puedes ponerte en contacto con nosotros a trav\u00e9s de los siguientes medios: +34 607 78 36 36 michael@globalmanz.com Formulario de contacto\" \/>\n<meta property=\"og:url\" content=\"http:\/\/globalmanz.com\/en\/contacto\/\" \/>\n<meta property=\"og:site_name\" content=\"Global Manz\" \/>\n<meta property=\"article:publisher\" content=\"https:\/\/facebook.com\/globalmanz\" \/>\n<meta property=\"article:modified_time\" content=\"2024-07-15T10:11:35+00:00\" \/>\n<meta property=\"og:image\" content=\"https:\/\/globalmanz.com\/wp-content\/uploads\/2024\/07\/pexels-kampus-8204317.webp\" \/>\n<meta name=\"twitter:card\" content=\"summary_large_image\" \/>\n<meta name=\"twitter:label1\" content=\"Est. reading time\" \/>\n\t<meta name=\"twitter:data1\" content=\"1 minute\" \/>\n<script type=\"application\/ld+json\" class=\"yoast-schema-graph\">{\"@context\":\"https:\/\/schema.org\",\"@graph\":[{\"@type\":\"WebPage\",\"@id\":\"https:\/\/globalmanz.com\/contacto\/\",\"url\":\"https:\/\/globalmanz.com\/contacto\/\",\"name\":\"Contacto &bull; Global Manz\",\"isPartOf\":{\"@id\":\"https:\/\/globalmanz.com\/#website\"},\"datePublished\":\"2024-06-25T10:38:47+00:00\",\"dateModified\":\"2024-07-15T10:11:35+00:00\",\"breadcrumb\":{\"@id\":\"https:\/\/globalmanz.com\/contacto\/#breadcrumb\"},\"inLanguage\":\"en-US\",\"potentialAction\":[{\"@type\":\"ReadAction\",\"target\":[\"https:\/\/globalmanz.com\/contacto\/\"]}]},{\"@type\":\"BreadcrumbList\",\"@id\":\"https:\/\/globalmanz.com\/contacto\/#breadcrumb\",\"itemListElement\":[{\"@type\":\"ListItem\",\"position\":1,\"name\":\"Portada\",\"item\":\"https:\/\/globalmanz.com\/\"},{\"@type\":\"ListItem\",\"position\":2,\"name\":\"Contacto\"}]},{\"@type\":\"WebSite\",\"@id\":\"https:\/\/globalmanz.com\/#website\",\"url\":\"https:\/\/globalmanz.com\/\",\"name\":\"Global Manz\",\"description\":\"\",\"publisher\":{\"@id\":\"https:\/\/globalmanz.com\/#organization\"},\"potentialAction\":[{\"@type\":\"SearchAction\",\"target\":{\"@type\":\"EntryPoint\",\"urlTemplate\":\"https:\/\/globalmanz.com\/?s={search_term_string}\"},\"query-input\":\"required name=search_term_string\"}],\"inLanguage\":\"en-US\"},{\"@type\":\"Organization\",\"@id\":\"https:\/\/globalmanz.com\/#organization\",\"name\":\"Global Manz\",\"url\":\"https:\/\/globalmanz.com\/\",\"logo\":{\"@type\":\"ImageObject\",\"inLanguage\":\"en-US\",\"@id\":\"https:\/\/globalmanz.com\/#\/schema\/logo\/image\/\",\"url\":\"https:\/\/globalmanz.com\/wp-content\/uploads\/2023\/06\/Logo-Global-Manz.svg\",\"contentUrl\":\"https:\/\/globalmanz.com\/wp-content\/uploads\/2023\/06\/Logo-Global-Manz.svg\",\"width\":1,\"height\":1,\"caption\":\"Global Manz\"},\"image\":{\"@id\":\"https:\/\/globalmanz.com\/#\/schema\/logo\/image\/\"},\"sameAs\":[\"https:\/\/facebook.com\/globalmanz\",\"https:\/\/instagram.com\/globalmanz\"]}]}<\/script>\n<!-- \/ Yoast SEO plugin. -->","yoast_head_json":{"title":"Contacto &bull; Global Manz","robots":{"index":"index","follow":"follow","max-snippet":"max-snippet:-1","max-image-preview":"max-image-preview:large","max-video-preview":"max-video-preview:-1"},"canonical":"http:\/\/globalmanz.com\/en\/contacto\/","og_locale":"en_US","og_type":"article","og_title":"Contacto &bull; Global Manz","og_description":"Ponte en contacto con nosotros \u00bfTienes alguna pregunta o necesitas m\u00e1s informaci\u00f3n?\u00a0 \u00a1Estamos aqu\u00ed para ayudarte! Puedes ponerte en contacto con nosotros a trav\u00e9s de los siguientes medios: +34 607 78 36 36 michael@globalmanz.com Formulario de contacto","og_url":"http:\/\/globalmanz.com\/en\/contacto\/","og_site_name":"Global Manz","article_publisher":"https:\/\/facebook.com\/globalmanz","article_modified_time":"2024-07-15T10:11:35+00:00","og_image":[{"url":"https:\/\/globalmanz.com\/wp-content\/uploads\/2024\/07\/pexels-kampus-8204317.webp"}],"twitter_card":"summary_large_image","twitter_misc":{"Est. reading time":"1 minute"},"schema":{"@context":"https:\/\/schema.org","@graph":[{"@type":"WebPage","@id":"https:\/\/globalmanz.com\/contacto\/","url":"https:\/\/globalmanz.com\/contacto\/","name":"Contacto &bull; Global Manz","isPartOf":{"@id":"https:\/\/globalmanz.com\/#website"},"datePublished":"2024-06-25T10:38:47+00:00","dateModified":"2024-07-15T10:11:35+00:00","breadcrumb":{"@id":"https:\/\/globalmanz.com\/contacto\/#breadcrumb"},"inLanguage":"en-US","potentialAction":[{"@type":"ReadAction","target":["https:\/\/globalmanz.com\/contacto\/"]}]},{"@type":"BreadcrumbList","@id":"https:\/\/globalmanz.com\/contacto\/#breadcrumb","itemListElement":[{"@type":"ListItem","position":1,"name":"Portada","item":"https:\/\/globalmanz.com\/"},{"@type":"ListItem","position":2,"name":"Contacto"}]},{"@type":"WebSite","@id":"https:\/\/globalmanz.com\/#website","url":"https:\/\/globalmanz.com\/","name":"Global Manz","description":"","publisher":{"@id":"https:\/\/globalmanz.com\/#organization"},"potentialAction":[{"@type":"SearchAction","target":{"@type":"EntryPoint","urlTemplate":"https:\/\/globalmanz.com\/?s={search_term_string}"},"query-input":"required name=search_term_string"}],"inLanguage":"en-US"},{"@type":"Organization","@id":"https:\/\/globalmanz.com\/#organization","name":"Global Manz","url":"https:\/\/globalmanz.com\/","logo":{"@type":"ImageObject","inLanguage":"en-US","@id":"https:\/\/globalmanz.com\/#\/schema\/logo\/image\/","url":"https:\/\/globalmanz.com\/wp-content\/uploads\/2023\/06\/Logo-Global-Manz.svg","contentUrl":"https:\/\/globalmanz.com\/wp-content\/uploads\/2023\/06\/Logo-Global-Manz.svg","width":1,"height":1,"caption":"Global Manz"},"image":{"@id":"https:\/\/globalmanz.com\/#\/schema\/logo\/image\/"},"sameAs":["https:\/\/facebook.com\/globalmanz","https:\/\/instagram.com\/globalmanz"]}]}},"_links":{"self":[{"href":"http:\/\/globalmanz.com\/en\/wp-json\/wp\/v2\/pages\/1764","targetHints":{"allow":["GET"]}}],"collection":[{"href":"http:\/\/globalmanz.com\/en\/wp-json\/wp\/v2\/pages"}],"about":[{"href":"http:\/\/globalmanz.com\/en\/wp-json\/wp\/v2\/types\/page"}],"author":[{"embeddable":true,"href":"http:\/\/globalmanz.com\/en\/wp-json\/wp\/v2\/users\/1"}],"replies":[{"embeddable":true,"href":"http:\/\/globalmanz.com\/en\/wp-json\/wp\/v2\/comments?post=1764"}],"version-history":[{"count":0,"href":"http:\/\/globalmanz.com\/en\/wp-json\/wp\/v2\/pages\/1764\/revisions"}],"wp:attachment":[{"href":"http:\/\/globalmanz.com\/en\/wp-json\/wp\/v2\/media?parent=1764"}],"curies":[{"name":"wp","href":"https:\/\/api.w.org\/{rel}","templated":true}]}}