{"id":586,"date":"2023-05-28T04:12:20","date_gmt":"2023-05-28T04:12:20","guid":{"rendered":"https:\/\/packagingpulse.eu\/?page_id=586"},"modified":"2024-07-19T14:00:38","modified_gmt":"2024-07-19T14:00:38","slug":"film-cpp","status":"publish","type":"page","link":"http:\/\/globalmanz.com\/en\/film-cpp\/","title":{"rendered":"CPP film"},"content":{"rendered":"<div data-elementor-type=\"wp-page\" data-elementor-id=\"586\" class=\"elementor elementor-586\">\n\t\t\t\t<div class=\"elementor-element elementor-element-60f263e e-flex e-con-boxed e-con e-parent\" data-id=\"60f263e\" data-element_type=\"container\" data-settings=\"{&quot;ekit_has_onepagescroll_dot&quot;:&quot;yes&quot;}\">\n\t\t\t\t\t<div class=\"e-con-inner\">\n\t\t<div class=\"elementor-element elementor-element-8ef92c1 e-con-full e-flex e-con e-child\" data-id=\"8ef92c1\" data-element_type=\"container\" data-settings=\"{&quot;background_background&quot;:&quot;classic&quot;,&quot;ekit_has_onepagescroll_dot&quot;:&quot;yes&quot;}\">\n\t\t<div class=\"elementor-element elementor-element-79d9362 e-con-full e-flex e-con e-child\" data-id=\"79d9362\" data-element_type=\"container\" data-settings=\"{&quot;background_background&quot;:&quot;classic&quot;,&quot;ekit_has_onepagescroll_dot&quot;:&quot;yes&quot;}\">\n\t\t<div class=\"elementor-element elementor-element-a5174aa e-con-full e-flex e-con e-child\" data-id=\"a5174aa\" data-element_type=\"container\" data-settings=\"{&quot;ekit_has_onepagescroll_dot&quot;:&quot;yes&quot;}\">\n\t\t\t\t<div class=\"elementor-element elementor-element-b2efdcd elementor-widget elementor-widget-heading\" data-id=\"b2efdcd\" data-element_type=\"widget\" data-settings=\"{&quot;ekit_we_effect_on&quot;:&quot;none&quot;}\" data-widget_type=\"heading.default\">\n\t\t\t\t<div class=\"elementor-widget-container\">\n\t\t\t<style>\/*! elementor - v3.23.0 - 15-07-2024 *\/\n.elementor-heading-title{padding:0;margin:0;line-height:1}.elementor-widget-heading .elementor-heading-title[class*=elementor-size-]>a{color:inherit;font-size:inherit;line-height:inherit}.elementor-widget-heading .elementor-heading-title.elementor-size-small{font-size:15px}.elementor-widget-heading .elementor-heading-title.elementor-size-medium{font-size:19px}.elementor-widget-heading .elementor-heading-title.elementor-size-large{font-size:29px}.elementor-widget-heading .elementor-heading-title.elementor-size-xl{font-size:39px}.elementor-widget-heading .elementor-heading-title.elementor-size-xxl{font-size:59px}<\/style><h2 class=\"elementor-heading-title elementor-size-default\">MEET...<\/h2>\t\t<\/div>\n\t\t\t\t<\/div>\n\t\t\t\t<div class=\"elementor-element elementor-element-96e6a90 elementor-widget elementor-widget-heading\" data-id=\"96e6a90\" data-element_type=\"widget\" data-settings=\"{&quot;ekit_we_effect_on&quot;:&quot;none&quot;}\" data-widget_type=\"heading.default\">\n\t\t\t\t<div class=\"elementor-widget-container\">\n\t\t\t<h1 class=\"elementor-heading-title elementor-size-default\">FILM CPP<\/h1>\t\t<\/div>\n\t\t\t\t<\/div>\n\t\t\t\t<div class=\"elementor-element elementor-element-ffc237b elementor-widget elementor-widget-text-editor\" data-id=\"ffc237b\" data-element_type=\"widget\" data-settings=\"{&quot;ekit_we_effect_on&quot;:&quot;none&quot;}\" data-widget_type=\"text-editor.default\">\n\t\t\t\t<div class=\"elementor-widget-container\">\n\t\t\t<style>\/*! elementor - v3.23.0 - 15-07-2024 *\/\n.elementor-widget-text-editor.elementor-drop-cap-view-stacked .elementor-drop-cap{background-color:#69727d;color:#fff}.elementor-widget-text-editor.elementor-drop-cap-view-framed .elementor-drop-cap{color:#69727d;border:3px solid;background-color:transparent}.elementor-widget-text-editor:not(.elementor-drop-cap-view-default) .elementor-drop-cap{margin-top:8px}.elementor-widget-text-editor:not(.elementor-drop-cap-view-default) .elementor-drop-cap-letter{width:1em;height:1em}.elementor-widget-text-editor .elementor-drop-cap{float:left;text-align:center;line-height:1;font-size:50px}.elementor-widget-text-editor .elementor-drop-cap-letter{display:inline-block}<\/style>\t\t\t\t<p>With high transparency and gloss, our CPP films are ideal for various types of packaging, especially those in contact with food such as bread, vegetables and fruits. They are also widely used in the packaging of textiles and stationery materials. In addition, our CPP films are compatible with lamination and printing, providing endless possibilities to customize your packaging.<\/p>\t\t\t\t\t\t<\/div>\n\t\t\t\t<\/div>\n\t\t\t\t<div class=\"elementor-element elementor-element-6eb08e0 elementor-align-left elementor-widget elementor-widget-button\" data-id=\"6eb08e0\" data-element_type=\"widget\" data-settings=\"{&quot;ekit_we_effect_on&quot;:&quot;none&quot;}\" data-widget_type=\"button.default\">\n\t\t\t\t<div class=\"elementor-widget-container\">\n\t\t\t\t\t<div class=\"elementor-button-wrapper\">\n\t\t\t<a class=\"elementor-button elementor-button-link elementor-size-sm\" href=\"#productos\">\n\t\t\t\t\t\t<span class=\"elementor-button-content-wrapper\">\n\t\t\t\t\t\t\t\t\t<span class=\"elementor-button-text\">I want to know the products \u2193<\/span>\n\t\t\t\t\t<\/span>\n\t\t\t\t\t<\/a>\n\t\t<\/div>\n\t\t\t\t<\/div>\n\t\t\t\t<\/div>\n\t\t\t\t<\/div>\n\t\t\t\t<\/div>\n\t\t\t\t<\/div>\n\t\t<div class=\"elementor-element elementor-element-5081c94 e-con-full e-flex e-con e-child\" data-id=\"5081c94\" data-element_type=\"container\" data-settings=\"{&quot;ekit_has_onepagescroll_dot&quot;:&quot;yes&quot;}\">\n\t\t\t\t<div class=\"elementor-element elementor-element-fdefca6 elementor-widget elementor-widget-image\" data-id=\"fdefca6\" data-element_type=\"widget\" data-settings=\"{&quot;ekit_we_effect_on&quot;:&quot;none&quot;}\" data-widget_type=\"image.default\">\n\t\t\t\t<div class=\"elementor-widget-container\">\n\t\t\t<style>\/*! elementor - v3.23.0 - 15-07-2024 *\/\n.elementor-widget-image{text-align:center}.elementor-widget-image a{display:inline-block}.elementor-widget-image a img[src$=\".svg\"]{width:48px}.elementor-widget-image img{vertical-align:middle;display:inline-block}<\/style>\t\t\t\t\t\t\t\t\t\t<img fetchpriority=\"high\" decoding=\"async\" width=\"600\" height=\"292\" src=\"https:\/\/globalmanz.com\/wp-content\/uploads\/2024\/06\/bopp.webp\" class=\"attachment-large size-large wp-image-1581\" alt=\"bopp\" srcset=\"https:\/\/globalmanz.com\/wp-content\/uploads\/2024\/06\/bopp.webp 600w, https:\/\/globalmanz.com\/wp-content\/uploads\/2024\/06\/bopp-300x146.webp 300w, https:\/\/globalmanz.com\/wp-content\/uploads\/2024\/06\/bopp-18x9.webp 18w\" sizes=\"(max-width: 600px) 100vw, 600px\" \/>\t\t\t\t\t\t\t\t\t\t\t\t\t<\/div>\n\t\t\t\t<\/div>\n\t\t\t\t<\/div>\n\t\t\t\t\t<\/div>\n\t\t\t\t<\/div>\n\t\t<div class=\"elementor-element elementor-element-ea693d0 e-flex e-con-boxed e-con e-parent\" data-id=\"ea693d0\" data-element_type=\"container\" id=\"productos\" data-settings=\"{&quot;background_background&quot;:&quot;classic&quot;,&quot;ekit_has_onepagescroll_dot&quot;:&quot;yes&quot;}\">\n\t\t\t\t\t<div class=\"e-con-inner\">\n\t\t<div class=\"elementor-element elementor-element-11598b7 e-con-full e-flex e-con e-child\" data-id=\"11598b7\" data-element_type=\"container\" data-settings=\"{&quot;ekit_has_onepagescroll_dot&quot;:&quot;yes&quot;}\">\n\t\t\t\t<div class=\"elementor-element elementor-element-86d6ffa elementor-widget elementor-widget-heading\" data-id=\"86d6ffa\" data-element_type=\"widget\" data-settings=\"{&quot;ekit_we_effect_on&quot;:&quot;none&quot;}\" data-widget_type=\"heading.default\">\n\t\t\t\t<div class=\"elementor-widget-container\">\n\t\t\t<h2 class=\"elementor-heading-title elementor-size-default\">See our films<\/h2>\t\t<\/div>\n\t\t\t\t<\/div>\n\t\t\t\t<\/div>\n\t\t<div class=\"elementor-element elementor-element-0149668 e-con-full e-flex e-con e-child\" data-id=\"0149668\" data-element_type=\"container\" data-settings=\"{&quot;ekit_has_onepagescroll_dot&quot;:&quot;yes&quot;}\">\n\t\t\t\t<div class=\"elementor-element elementor-element-551a4c1 elementor-widget__width-initial elementor-widget elementor-widget-image\" data-id=\"551a4c1\" data-element_type=\"widget\" data-settings=\"{&quot;ekit_we_effect_on&quot;:&quot;none&quot;}\" data-widget_type=\"image.default\">\n\t\t\t\t<div class=\"elementor-widget-container\">\n\t\t\t\t\t\t\t\t\t\t\t\t\t<img decoding=\"async\" width=\"300\" height=\"83\" src=\"https:\/\/globalmanz.com\/wp-content\/uploads\/2024\/06\/folia1-300x83.webp\" class=\"attachment-medium size-medium wp-image-1638\" alt=\"\" srcset=\"https:\/\/globalmanz.com\/wp-content\/uploads\/2024\/06\/folia1-300x83.webp 300w, https:\/\/globalmanz.com\/wp-content\/uploads\/2024\/06\/folia1-768x211.webp 768w, https:\/\/globalmanz.com\/wp-content\/uploads\/2024\/06\/folia1-18x5.webp 18w, https:\/\/globalmanz.com\/wp-content\/uploads\/2024\/06\/folia1.webp 800w\" sizes=\"(max-width: 300px) 100vw, 300px\" \/>\t\t\t\t\t\t\t\t\t\t\t\t\t<\/div>\n\t\t\t\t<\/div>\n\t\t\t\t<div class=\"elementor-element elementor-element-6ea26a2 elementor-widget elementor-widget-heading\" data-id=\"6ea26a2\" data-element_type=\"widget\" data-settings=\"{&quot;ekit_we_effect_on&quot;:&quot;none&quot;}\" data-widget_type=\"heading.default\">\n\t\t\t\t<div class=\"elementor-widget-container\">\n\t\t\t<h2 class=\"elementor-heading-title elementor-size-default\">Film CPP transparente<\/h2>\t\t<\/div>\n\t\t\t\t<\/div>\n\t\t\t\t<div class=\"elementor-element elementor-element-7882e11 elementor-widget elementor-widget-text-editor\" data-id=\"7882e11\" data-element_type=\"widget\" data-settings=\"{&quot;ekit_we_effect_on&quot;:&quot;none&quot;}\" data-widget_type=\"text-editor.default\">\n\t\t\t\t<div class=\"elementor-widget-container\">\n\t\t\t\t\t\t\t<p>Gracias a su\u00a0 transparencia y brillo, har\u00e1 que tus productos resalten en el mercado. Nuestro CPP Transparente tambi\u00e9n ofrece micro y macro perforaciones para una mejor ventilaci\u00f3n, adem\u00e1s de ser compatible con laminaci\u00f3n y personalizaci\u00f3n mediante impresi\u00f3n. Adem\u00e1s, es apto para congelaci\u00f3n, cuenta con propiedades anti-fog y su Easy Peel facilita el acceso a los productos.<\/p>\t\t\t\t\t\t<\/div>\n\t\t\t\t<\/div>\n\t\t\t\t<\/div>\n\t\t<div class=\"elementor-element elementor-element-5e8d42e e-con-full e-flex e-con e-child\" data-id=\"5e8d42e\" data-element_type=\"container\" data-settings=\"{&quot;ekit_has_onepagescroll_dot&quot;:&quot;yes&quot;}\">\n\t\t\t\t<div class=\"elementor-element elementor-element-1ce1f2a elementor-widget__width-initial elementor-widget elementor-widget-image\" data-id=\"1ce1f2a\" data-element_type=\"widget\" data-settings=\"{&quot;ekit_we_effect_on&quot;:&quot;none&quot;}\" data-widget_type=\"image.default\">\n\t\t\t\t<div class=\"elementor-widget-container\">\n\t\t\t\t\t\t\t\t\t\t\t\t\t<img decoding=\"async\" width=\"768\" height=\"211\" src=\"https:\/\/globalmanz.com\/wp-content\/uploads\/2023\/05\/folia-bopp-metaliza-768x211.jpg\" class=\"attachment-medium_large size-medium_large wp-image-577\" alt=\"Film BOPP\" srcset=\"https:\/\/globalmanz.com\/wp-content\/uploads\/2023\/05\/folia-bopp-metaliza-768x211.jpg 768w, https:\/\/globalmanz.com\/wp-content\/uploads\/2023\/05\/folia-bopp-metaliza-300x83.jpg 300w, https:\/\/globalmanz.com\/wp-content\/uploads\/2023\/05\/folia-bopp-metaliza.jpg 800w\" sizes=\"(max-width: 768px) 100vw, 768px\" \/>\t\t\t\t\t\t\t\t\t\t\t\t\t<\/div>\n\t\t\t\t<\/div>\n\t\t\t\t<div class=\"elementor-element elementor-element-9f6101b elementor-widget elementor-widget-heading\" data-id=\"9f6101b\" data-element_type=\"widget\" data-settings=\"{&quot;ekit_we_effect_on&quot;:&quot;none&quot;}\" data-widget_type=\"heading.default\">\n\t\t\t\t<div class=\"elementor-widget-container\">\n\t\t\t<h2 class=\"elementor-heading-title elementor-size-default\">CPP Metallized Film<\/h2>\t\t<\/div>\n\t\t\t\t<\/div>\n\t\t\t\t<div class=\"elementor-element elementor-element-02bd3b0 elementor-widget elementor-widget-text-editor\" data-id=\"02bd3b0\" data-element_type=\"widget\" data-settings=\"{&quot;ekit_we_effect_on&quot;:&quot;none&quot;}\" data-widget_type=\"text-editor.default\">\n\t\t\t\t<div class=\"elementor-widget-container\">\n\t\t\t\t\t\t\t<p>Gracias a su capacidad protectora contra la humedad, el gas y la luz, nuestro CPP metalizado garantiza la preservaci\u00f3n del aroma y la frescura de los alimentos. Adem\u00e1s, es perfecto para la laminaci\u00f3n, proporcionando una capa adicional de protecci\u00f3n y versatilidad.<\/p>\t\t\t\t\t\t<\/div>\n\t\t\t\t<\/div>\n\t\t\t\t<\/div>\n\t\t<div class=\"elementor-element elementor-element-87cb6f9 e-con-full e-flex e-con e-child\" data-id=\"87cb6f9\" data-element_type=\"container\" data-settings=\"{&quot;ekit_has_onepagescroll_dot&quot;:&quot;yes&quot;}\">\n\t\t\t\t<div class=\"elementor-element elementor-element-30de6b3 elementor-widget elementor-widget-image\" data-id=\"30de6b3\" data-element_type=\"widget\" data-settings=\"{&quot;ekit_we_effect_on&quot;:&quot;none&quot;}\" data-widget_type=\"image.default\">\n\t\t\t\t<div class=\"elementor-widget-container\">\n\t\t\t\t\t\t\t\t\t\t\t\t\t<img loading=\"lazy\" decoding=\"async\" width=\"300\" height=\"83\" src=\"https:\/\/globalmanz.com\/wp-content\/uploads\/2024\/06\/folia-bopp-mat-300x83.webp\" class=\"attachment-medium size-medium wp-image-1640\" alt=\"\" srcset=\"https:\/\/globalmanz.com\/wp-content\/uploads\/2024\/06\/folia-bopp-mat-300x83.webp 300w, https:\/\/globalmanz.com\/wp-content\/uploads\/2024\/06\/folia-bopp-mat-768x211.webp 768w, https:\/\/globalmanz.com\/wp-content\/uploads\/2024\/06\/folia-bopp-mat-18x5.webp 18w, https:\/\/globalmanz.com\/wp-content\/uploads\/2024\/06\/folia-bopp-mat.webp 800w\" sizes=\"(max-width: 300px) 100vw, 300px\" \/>\t\t\t\t\t\t\t\t\t\t\t\t\t<\/div>\n\t\t\t\t<\/div>\n\t\t\t\t<div class=\"elementor-element elementor-element-4f2395f elementor-widget elementor-widget-heading\" data-id=\"4f2395f\" data-element_type=\"widget\" data-settings=\"{&quot;ekit_we_effect_on&quot;:&quot;none&quot;}\" data-widget_type=\"heading.default\">\n\t\t\t\t<div class=\"elementor-widget-container\">\n\t\t\t<h2 class=\"elementor-heading-title elementor-size-default\">Film CPP mate<\/h2>\t\t<\/div>\n\t\t\t\t<\/div>\n\t\t\t\t<div class=\"elementor-element elementor-element-0d7506e elementor-widget elementor-widget-text-editor\" data-id=\"0d7506e\" data-element_type=\"widget\" data-settings=\"{&quot;ekit_we_effect_on&quot;:&quot;none&quot;}\" data-widget_type=\"text-editor.default\">\n\t\t\t\t<div class=\"elementor-widget-container\">\n\t\t\t\t\t\t\t<p>Film opaco que ofrece una excelente protecci\u00f3n contra la humedad, el gas y la luz, preservando el aroma y la frescura de tus productos alimenticios. Adem\u00e1s, su color blanco opaco proporciona un aspecto elegante y distintivo a tus envases. Con su estructura cavitated, este film ofrece propiedades adicionales de resistencia y rendimiento.<\/p>\t\t\t\t\t\t<\/div>\n\t\t\t\t<\/div>\n\t\t\t\t<\/div>\n\t\t\t\t\t<\/div>\n\t\t\t\t<\/div>\n\t\t\t\t<\/div>","protected":false},"excerpt":{"rendered":"<p>CONOCE&#8230; FILM CPP Con una alta transparencia y brillo, nuestros films CPP son ideales para diversos tipos de envases, especialmente aquellos en contacto con alimentos como pan, verduras y frutas. Tambi\u00e9n son ampliamente utilizados en el envasado de textiles y materiales de papeler\u00eda. Adem\u00e1s, nuestros films CPP son compatibles con la laminaci\u00f3n y la impresi\u00f3n, &hellip;<\/p>\n<p class=\"read-more\"> <a class=\"\" href=\"http:\/\/globalmanz.com\/en\/film-cpp\/\"> <span class=\"screen-reader-text\">CPP film<\/span> Read More \"<\/a><\/p>","protected":false},"author":1,"featured_media":0,"parent":0,"menu_order":0,"comment_status":"closed","ping_status":"closed","template":"","meta":{"site-sidebar-layout":"default","site-content-layout":"default","ast-global-header-display":"","ast-banner-title-visibility":"","ast-main-header-display":"","ast-hfb-above-header-display":"","ast-hfb-below-header-display":"","ast-hfb-mobile-header-display":"","site-post-title":"","ast-breadcrumbs-content":"","ast-featured-img":"","footer-sml-layout":"","theme-transparent-header-meta":"","adv-header-id-meta":"","stick-header-meta":"","header-above-stick-meta":"","header-main-stick-meta":"","header-below-stick-meta":"","footnotes":""},"class_list":["post-586","page","type-page","status-publish","hentry"],"yoast_head":"<!-- This site is optimized with the Yoast SEO plugin v20.7 - https:\/\/yoast.com\/wordpress\/plugins\/seo\/ -->\n<title>Film CPP &bull; Global Manz<\/title>\n<meta name=\"description\" content=\"Nuestro film cpp est\u00e1 especialmente creado para aquellos envases que se usan para guardar y transportar alimentos.\" \/>\n<meta name=\"robots\" content=\"index, follow, max-snippet:-1, max-image-preview:large, max-video-preview:-1\" \/>\n<link rel=\"canonical\" href=\"http:\/\/globalmanz.com\/en\/film-cpp\/\" \/>\n<meta property=\"og:locale\" content=\"en_US\" \/>\n<meta property=\"og:type\" content=\"article\" \/>\n<meta property=\"og:title\" content=\"Film CPP &bull; Global Manz\" \/>\n<meta property=\"og:description\" content=\"Nuestro film cpp est\u00e1 especialmente creado para aquellos envases que se usan para guardar y transportar alimentos.\" \/>\n<meta property=\"og:url\" content=\"http:\/\/globalmanz.com\/en\/film-cpp\/\" \/>\n<meta property=\"og:site_name\" content=\"Global Manz\" \/>\n<meta property=\"article:publisher\" content=\"https:\/\/facebook.com\/globalmanz\" \/>\n<meta property=\"article:modified_time\" content=\"2024-07-19T14:00:38+00:00\" \/>\n<meta property=\"og:image\" content=\"https:\/\/globalmanz.com\/wp-content\/uploads\/2024\/06\/bopp.webp\" \/>\n<meta name=\"twitter:card\" content=\"summary_large_image\" \/>\n<meta name=\"twitter:label1\" content=\"Est. reading time\" \/>\n\t<meta name=\"twitter:data1\" content=\"2 minutes\" \/>\n<script type=\"application\/ld+json\" class=\"yoast-schema-graph\">{\"@context\":\"https:\/\/schema.org\",\"@graph\":[{\"@type\":\"WebPage\",\"@id\":\"https:\/\/globalmanz.com\/film-cpp\/\",\"url\":\"https:\/\/globalmanz.com\/film-cpp\/\",\"name\":\"Film CPP &bull; Global Manz\",\"isPartOf\":{\"@id\":\"https:\/\/globalmanz.com\/#website\"},\"datePublished\":\"2023-05-28T04:12:20+00:00\",\"dateModified\":\"2024-07-19T14:00:38+00:00\",\"description\":\"Nuestro film cpp est\u00e1 especialmente creado para aquellos envases que se usan para guardar y transportar alimentos.\",\"breadcrumb\":{\"@id\":\"https:\/\/globalmanz.com\/film-cpp\/#breadcrumb\"},\"inLanguage\":\"en-US\",\"potentialAction\":[{\"@type\":\"ReadAction\",\"target\":[\"https:\/\/globalmanz.com\/film-cpp\/\"]}]},{\"@type\":\"BreadcrumbList\",\"@id\":\"https:\/\/globalmanz.com\/film-cpp\/#breadcrumb\",\"itemListElement\":[{\"@type\":\"ListItem\",\"position\":1,\"name\":\"Portada\",\"item\":\"https:\/\/globalmanz.com\/\"},{\"@type\":\"ListItem\",\"position\":2,\"name\":\"Film CPP\"}]},{\"@type\":\"WebSite\",\"@id\":\"https:\/\/globalmanz.com\/#website\",\"url\":\"https:\/\/globalmanz.com\/\",\"name\":\"Global Manz\",\"description\":\"\",\"publisher\":{\"@id\":\"https:\/\/globalmanz.com\/#organization\"},\"potentialAction\":[{\"@type\":\"SearchAction\",\"target\":{\"@type\":\"EntryPoint\",\"urlTemplate\":\"https:\/\/globalmanz.com\/?s={search_term_string}\"},\"query-input\":\"required name=search_term_string\"}],\"inLanguage\":\"en-US\"},{\"@type\":\"Organization\",\"@id\":\"https:\/\/globalmanz.com\/#organization\",\"name\":\"Global Manz\",\"url\":\"https:\/\/globalmanz.com\/\",\"logo\":{\"@type\":\"ImageObject\",\"inLanguage\":\"en-US\",\"@id\":\"https:\/\/globalmanz.com\/#\/schema\/logo\/image\/\",\"url\":\"https:\/\/globalmanz.com\/wp-content\/uploads\/2023\/06\/Logo-Global-Manz.svg\",\"contentUrl\":\"https:\/\/globalmanz.com\/wp-content\/uploads\/2023\/06\/Logo-Global-Manz.svg\",\"width\":1,\"height\":1,\"caption\":\"Global Manz\"},\"image\":{\"@id\":\"https:\/\/globalmanz.com\/#\/schema\/logo\/image\/\"},\"sameAs\":[\"https:\/\/facebook.com\/globalmanz\",\"https:\/\/instagram.com\/globalmanz\"]}]}<\/script>\n<!-- \/ Yoast SEO plugin. -->","yoast_head_json":{"title":"Film CPP &bull; Global Manz","description":"Nuestro film cpp est\u00e1 especialmente creado para aquellos envases que se usan para guardar y transportar alimentos.","robots":{"index":"index","follow":"follow","max-snippet":"max-snippet:-1","max-image-preview":"max-image-preview:large","max-video-preview":"max-video-preview:-1"},"canonical":"http:\/\/globalmanz.com\/en\/film-cpp\/","og_locale":"en_US","og_type":"article","og_title":"Film CPP &bull; Global Manz","og_description":"Nuestro film cpp est\u00e1 especialmente creado para aquellos envases que se usan para guardar y transportar alimentos.","og_url":"http:\/\/globalmanz.com\/en\/film-cpp\/","og_site_name":"Global Manz","article_publisher":"https:\/\/facebook.com\/globalmanz","article_modified_time":"2024-07-19T14:00:38+00:00","og_image":[{"url":"https:\/\/globalmanz.com\/wp-content\/uploads\/2024\/06\/bopp.webp"}],"twitter_card":"summary_large_image","twitter_misc":{"Est. reading time":"2 minutes"},"schema":{"@context":"https:\/\/schema.org","@graph":[{"@type":"WebPage","@id":"https:\/\/globalmanz.com\/film-cpp\/","url":"https:\/\/globalmanz.com\/film-cpp\/","name":"Film CPP &bull; Global Manz","isPartOf":{"@id":"https:\/\/globalmanz.com\/#website"},"datePublished":"2023-05-28T04:12:20+00:00","dateModified":"2024-07-19T14:00:38+00:00","description":"Nuestro film cpp est\u00e1 especialmente creado para aquellos envases que se usan para guardar y transportar alimentos.","breadcrumb":{"@id":"https:\/\/globalmanz.com\/film-cpp\/#breadcrumb"},"inLanguage":"en-US","potentialAction":[{"@type":"ReadAction","target":["https:\/\/globalmanz.com\/film-cpp\/"]}]},{"@type":"BreadcrumbList","@id":"https:\/\/globalmanz.com\/film-cpp\/#breadcrumb","itemListElement":[{"@type":"ListItem","position":1,"name":"Portada","item":"https:\/\/globalmanz.com\/"},{"@type":"ListItem","position":2,"name":"Film CPP"}]},{"@type":"WebSite","@id":"https:\/\/globalmanz.com\/#website","url":"https:\/\/globalmanz.com\/","name":"Global Manz","description":"","publisher":{"@id":"https:\/\/globalmanz.com\/#organization"},"potentialAction":[{"@type":"SearchAction","target":{"@type":"EntryPoint","urlTemplate":"https:\/\/globalmanz.com\/?s={search_term_string}"},"query-input":"required name=search_term_string"}],"inLanguage":"en-US"},{"@type":"Organization","@id":"https:\/\/globalmanz.com\/#organization","name":"Global Manz","url":"https:\/\/globalmanz.com\/","logo":{"@type":"ImageObject","inLanguage":"en-US","@id":"https:\/\/globalmanz.com\/#\/schema\/logo\/image\/","url":"https:\/\/globalmanz.com\/wp-content\/uploads\/2023\/06\/Logo-Global-Manz.svg","contentUrl":"https:\/\/globalmanz.com\/wp-content\/uploads\/2023\/06\/Logo-Global-Manz.svg","width":1,"height":1,"caption":"Global Manz"},"image":{"@id":"https:\/\/globalmanz.com\/#\/schema\/logo\/image\/"},"sameAs":["https:\/\/facebook.com\/globalmanz","https:\/\/instagram.com\/globalmanz"]}]}},"_links":{"self":[{"href":"http:\/\/globalmanz.com\/en\/wp-json\/wp\/v2\/pages\/586","targetHints":{"allow":["GET"]}}],"collection":[{"href":"http:\/\/globalmanz.com\/en\/wp-json\/wp\/v2\/pages"}],"about":[{"href":"http:\/\/globalmanz.com\/en\/wp-json\/wp\/v2\/types\/page"}],"author":[{"embeddable":true,"href":"http:\/\/globalmanz.com\/en\/wp-json\/wp\/v2\/users\/1"}],"replies":[{"embeddable":true,"href":"http:\/\/globalmanz.com\/en\/wp-json\/wp\/v2\/comments?post=586"}],"version-history":[{"count":0,"href":"http:\/\/globalmanz.com\/en\/wp-json\/wp\/v2\/pages\/586\/revisions"}],"wp:attachment":[{"href":"http:\/\/globalmanz.com\/en\/wp-json\/wp\/v2\/media?parent=586"}],"curies":[{"name":"wp","href":"https:\/\/api.w.org\/{rel}","templated":true}]}}