{"id":1771,"date":"2024-06-25T10:13:51","date_gmt":"2024-06-25T10:13:51","guid":{"rendered":"https:\/\/globalmanz.com\/?page_id=1771"},"modified":"2024-07-09T15:23:41","modified_gmt":"2024-07-09T15:23:41","slug":"productos-especializados","status":"publish","type":"page","link":"https:\/\/globalmanz.com\/de\/productos-especializados\/","title":{"rendered":"Spezialisierte Produkte"},"content":{"rendered":"<div data-elementor-type=\"wp-page\" data-elementor-id=\"1771\" class=\"elementor elementor-1771\">\n\t\t\t\t<div class=\"elementor-element elementor-element-f3192e4 e-flex e-con-boxed e-con e-parent\" data-id=\"f3192e4\" data-element_type=\"container\" data-settings=\"{&quot;background_background&quot;:&quot;classic&quot;,&quot;ekit_has_onepagescroll_dot&quot;:&quot;yes&quot;}\">\n\t\t\t\t\t<div class=\"e-con-inner\">\n\t\t\t\t\t<\/div>\n\t\t\t\t<\/div>\n\t\t<div class=\"elementor-element elementor-element-7f9828b e-flex e-con-boxed e-con e-parent\" data-id=\"7f9828b\" data-element_type=\"container\" data-settings=\"{&quot;ekit_has_onepagescroll_dot&quot;:&quot;yes&quot;}\">\n\t\t\t\t\t<div class=\"e-con-inner\">\n\t\t\t\t<div class=\"elementor-element elementor-element-ce4b1ca elementor-widget__width-initial elementor-widget-mobile__width-initial elementor-widget elementor-widget-heading\" data-id=\"ce4b1ca\" data-element_type=\"widget\" data-settings=\"{&quot;ekit_we_effect_on&quot;:&quot;none&quot;}\" data-widget_type=\"heading.default\">\n\t\t\t\t<div class=\"elementor-widget-container\">\n\t\t\t<style>\/*! elementor - v3.23.0 - 15-07-2024 *\/\n.elementor-heading-title{padding:0;margin:0;line-height:1}.elementor-widget-heading .elementor-heading-title[class*=elementor-size-]>a{color:inherit;font-size:inherit;line-height:inherit}.elementor-widget-heading .elementor-heading-title.elementor-size-small{font-size:15px}.elementor-widget-heading .elementor-heading-title.elementor-size-medium{font-size:19px}.elementor-widget-heading .elementor-heading-title.elementor-size-large{font-size:29px}.elementor-widget-heading .elementor-heading-title.elementor-size-xl{font-size:39px}.elementor-widget-heading .elementor-heading-title.elementor-size-xxl{font-size:59px}<\/style><h2 class=\"elementor-heading-title elementor-size-default\">Spezialisierte Produkte<\/h2>\t\t<\/div>\n\t\t\t\t<\/div>\n\t\t\t\t<div class=\"elementor-element elementor-element-ca6ce9b elementor-widget elementor-widget-text-editor\" data-id=\"ca6ce9b\" data-element_type=\"widget\" data-settings=\"{&quot;ekit_we_effect_on&quot;:&quot;none&quot;}\" data-widget_type=\"text-editor.default\">\n\t\t\t\t<div class=\"elementor-widget-container\">\n\t\t\t<style>\/*! elementor - v3.23.0 - 15-07-2024 *\/\n.elementor-widget-text-editor.elementor-drop-cap-view-stacked .elementor-drop-cap{background-color:#69727d;color:#fff}.elementor-widget-text-editor.elementor-drop-cap-view-framed .elementor-drop-cap{color:#69727d;border:3px solid;background-color:transparent}.elementor-widget-text-editor:not(.elementor-drop-cap-view-default) .elementor-drop-cap{margin-top:8px}.elementor-widget-text-editor:not(.elementor-drop-cap-view-default) .elementor-drop-cap-letter{width:1em;height:1em}.elementor-widget-text-editor .elementor-drop-cap{float:left;text-align:center;line-height:1;font-size:50px}.elementor-widget-text-editor .elementor-drop-cap-letter{display:inline-block}<\/style>\t\t\t\t<p>Ponemos a tu disposici\u00f3n una amplia oferta de productos especializados que transformar\u00e1n tus espacios, dot\u00e1ndolos de elegencia, elegancia y seguridad.<\/p>\t\t\t\t\t\t<\/div>\n\t\t\t\t<\/div>\n\t\t\t\t\t<\/div>\n\t\t\t\t<\/div>\n\t\t<div class=\"elementor-element elementor-element-6d8cca5 e-flex e-con-boxed e-con e-parent\" data-id=\"6d8cca5\" data-element_type=\"container\" data-settings=\"{&quot;ekit_has_onepagescroll_dot&quot;:&quot;yes&quot;}\">\n\t\t\t\t\t<div class=\"e-con-inner\">\n\t\t<div class=\"elementor-element elementor-element-c7e6b2b e-con-full e-flex e-con e-child\" data-id=\"c7e6b2b\" data-element_type=\"container\" data-settings=\"{&quot;ekit_has_onepagescroll_dot&quot;:&quot;yes&quot;}\">\n\t\t\t\t<div class=\"elementor-element elementor-element-1271e17 elementor-widget elementor-widget-image\" data-id=\"1271e17\" data-element_type=\"widget\" data-settings=\"{&quot;ekit_we_effect_on&quot;:&quot;none&quot;}\" data-widget_type=\"image.default\">\n\t\t\t\t<div class=\"elementor-widget-container\">\n\t\t\t<style>\/*! elementor - v3.23.0 - 15-07-2024 *\/\n.elementor-widget-image{text-align:center}.elementor-widget-image a{display:inline-block}.elementor-widget-image a img[src$=\".svg\"]{width:48px}.elementor-widget-image img{vertical-align:middle;display:inline-block}<\/style>\t\t\t\t\t\t\t\t\t\t<img decoding=\"async\" width=\"189\" height=\"79\" src=\"https:\/\/globalmanz.com\/wp-content\/uploads\/2023\/05\/pujol-group-e1685544007795.jpg\" class=\"attachment-large size-large wp-image-1051\" alt=\"pujol-group\" \/>\t\t\t\t\t\t\t\t\t\t\t\t\t<\/div>\n\t\t\t\t<\/div>\n\t\t\t\t<div class=\"elementor-element elementor-element-2f62fff elementor-widget elementor-widget-text-editor\" data-id=\"2f62fff\" data-element_type=\"widget\" data-settings=\"{&quot;ekit_we_effect_on&quot;:&quot;none&quot;}\" data-widget_type=\"text-editor.default\">\n\t\t\t\t<div class=\"elementor-widget-container\">\n\t\t\t\t\t\t\t<p>Paneles de vidrio para crear espacios privados y seguros.<\/p>\t\t\t\t\t\t<\/div>\n\t\t\t\t<\/div>\n\t\t<div class=\"elementor-element elementor-element-059c947 e-flex e-con-boxed e-con e-child\" data-id=\"059c947\" data-element_type=\"container\" data-settings=\"{&quot;ekit_has_onepagescroll_dot&quot;:&quot;yes&quot;}\">\n\t\t\t\t\t<div class=\"e-con-inner\">\n\t\t\t\t<div class=\"elementor-element elementor-element-0537805 elementor-icon-list--layout-traditional elementor-list-item-link-full_width elementor-widget elementor-widget-icon-list\" data-id=\"0537805\" data-element_type=\"widget\" data-settings=\"{&quot;ekit_we_effect_on&quot;:&quot;none&quot;}\" data-widget_type=\"icon-list.default\">\n\t\t\t\t<div class=\"elementor-widget-container\">\n\t\t\t<link rel=\"stylesheet\" href=\"https:\/\/globalmanz.com\/wp-content\/plugins\/elementor\/assets\/css\/widget-icon-list.min.css\">\t\t<ul class=\"elementor-icon-list-items\">\n\t\t\t\t\t\t\t<li class=\"elementor-icon-list-item\">\n\t\t\t\t\t\t\t\t\t\t\t<a href=\"https:\/\/globalmanz.com\/de\/vidrio-pdlc\/\" target=\"_blank\">\n\n\t\t\t\t\t\t\t\t\t\t\t\t<span class=\"elementor-icon-list-icon\">\n\t\t\t\t\t\t\t<i aria-hidden=\"true\" class=\"fas fa-dot-circle\"><\/i>\t\t\t\t\t\t<\/span>\n\t\t\t\t\t\t\t\t\t\t<span class=\"elementor-icon-list-text\">PDLC-Glas<\/span>\n\t\t\t\t\t\t\t\t\t\t\t<\/a>\n\t\t\t\t\t\t\t\t\t<\/li>\n\t\t\t\t\t\t\t\t<li class=\"elementor-icon-list-item\">\n\t\t\t\t\t\t\t\t\t\t\t<a href=\"https:\/\/globalmanz.com\/de\/vidrio-ab-ar\/\" target=\"_blank\">\n\n\t\t\t\t\t\t\t\t\t\t\t\t<span class=\"elementor-icon-list-icon\">\n\t\t\t\t\t\t\t<i aria-hidden=\"true\" class=\"fas fa-dot-circle\"><\/i>\t\t\t\t\t\t<\/span>\n\t\t\t\t\t\t\t\t\t\t<span class=\"elementor-icon-list-text\">AB-AR Glas<\/span>\n\t\t\t\t\t\t\t\t\t\t\t<\/a>\n\t\t\t\t\t\t\t\t\t<\/li>\n\t\t\t\t\t\t<\/ul>\n\t\t\t\t<\/div>\n\t\t\t\t<\/div>\n\t\t\t\t\t<\/div>\n\t\t\t\t<\/div>\n\t\t\t\t<\/div>\n\t\t<div class=\"elementor-element elementor-element-18c4d03 e-con-full e-flex e-con e-child\" data-id=\"18c4d03\" data-element_type=\"container\" data-settings=\"{&quot;ekit_has_onepagescroll_dot&quot;:&quot;yes&quot;}\">\n\t\t\t\t<div class=\"elementor-element elementor-element-3b035a4 elementor-widget elementor-widget-image\" data-id=\"3b035a4\" data-element_type=\"widget\" data-settings=\"{&quot;ekit_we_effect_on&quot;:&quot;none&quot;}\" data-widget_type=\"image.default\">\n\t\t\t\t<div class=\"elementor-widget-container\">\n\t\t\t\t\t\t\t\t\t\t\t\t\t<img decoding=\"async\" width=\"156\" height=\"104\" src=\"https:\/\/globalmanz.com\/wp-content\/uploads\/2024\/06\/logo-sun-master-1.png\" class=\"attachment-large size-large wp-image-1508\" alt=\"logo sun master (1)\" srcset=\"https:\/\/globalmanz.com\/wp-content\/uploads\/2024\/06\/logo-sun-master-1.png 156w, https:\/\/globalmanz.com\/wp-content\/uploads\/2024\/06\/logo-sun-master-1-18x12.png 18w\" sizes=\"(max-width: 156px) 100vw, 156px\" \/>\t\t\t\t\t\t\t\t\t\t\t\t\t<\/div>\n\t\t\t\t<\/div>\n\t\t\t\t<div class=\"elementor-element elementor-element-0280544 elementor-widget elementor-widget-text-editor\" data-id=\"0280544\" data-element_type=\"widget\" data-settings=\"{&quot;ekit_we_effect_on&quot;:&quot;none&quot;}\" data-widget_type=\"text-editor.default\">\n\t\t\t\t<div class=\"elementor-widget-container\">\n\t\t\t\t\t\t\t<p>Persianas autom\u00e1ticas para controlar la luminosidad y privacidad de espacios.<\/p>\t\t\t\t\t\t<\/div>\n\t\t\t\t<\/div>\n\t\t<div class=\"elementor-element elementor-element-5593a0d e-flex e-con-boxed e-con e-child\" data-id=\"5593a0d\" data-element_type=\"container\" data-settings=\"{&quot;ekit_has_onepagescroll_dot&quot;:&quot;yes&quot;}\">\n\t\t\t\t\t<div class=\"e-con-inner\">\n\t\t\t\t<div class=\"elementor-element elementor-element-ff5c575 elementor-icon-list--layout-traditional elementor-list-item-link-full_width elementor-widget elementor-widget-icon-list\" data-id=\"ff5c575\" data-element_type=\"widget\" data-settings=\"{&quot;ekit_we_effect_on&quot;:&quot;none&quot;}\" data-widget_type=\"icon-list.default\">\n\t\t\t\t<div class=\"elementor-widget-container\">\n\t\t\t\t\t<ul class=\"elementor-icon-list-items\">\n\t\t\t\t\t\t\t<li class=\"elementor-icon-list-item\">\n\t\t\t\t\t\t\t\t\t\t\t<a href=\"https:\/\/globalmanz.com\/de\/sunmaster\/\" target=\"_blank\">\n\n\t\t\t\t\t\t\t\t\t\t\t\t<span class=\"elementor-icon-list-icon\">\n\t\t\t\t\t\t\t<i aria-hidden=\"true\" class=\"fas fa-dot-circle\"><\/i>\t\t\t\t\t\t<\/span>\n\t\t\t\t\t\t\t\t\t\t<span class=\"elementor-icon-list-text\">Intelligente Jalousien<\/span>\n\t\t\t\t\t\t\t\t\t\t\t<\/a>\n\t\t\t\t\t\t\t\t\t<\/li>\n\t\t\t\t\t\t<\/ul>\n\t\t\t\t<\/div>\n\t\t\t\t<\/div>\n\t\t\t\t\t<\/div>\n\t\t\t\t<\/div>\n\t\t\t\t<\/div>\n\t\t\t\t\t<\/div>\n\t\t\t\t<\/div>\n\t\t\t\t<\/div>","protected":false},"excerpt":{"rendered":"<p>Productos Especializados Ponemos a tu disposici\u00f3n una amplia oferta de productos especializados que transformar\u00e1n tus espacios, dot\u00e1ndolos de elegencia, elegancia y seguridad. Paneles de vidrio para crear espacios privados y seguros. Vidrio PDLC Vidrio AB-AR Persianas autom\u00e1ticas para controlar la luminosidad y privacidad de espacios. Persianas Inteligentes<\/p>","protected":false},"author":1,"featured_media":0,"parent":0,"menu_order":0,"comment_status":"closed","ping_status":"closed","template":"elementor_header_footer","meta":{"site-sidebar-layout":"default","site-content-layout":"default","ast-global-header-display":"","ast-banner-title-visibility":"","ast-main-header-display":"","ast-hfb-above-header-display":"","ast-hfb-below-header-display":"","ast-hfb-mobile-header-display":"","site-post-title":"","ast-breadcrumbs-content":"","ast-featured-img":"","footer-sml-layout":"","theme-transparent-header-meta":"","adv-header-id-meta":"","stick-header-meta":"","header-above-stick-meta":"","header-main-stick-meta":"","header-below-stick-meta":"","footnotes":""},"class_list":["post-1771","page","type-page","status-publish","hentry"],"yoast_head":"<!-- This site is optimized with the Yoast SEO plugin v20.7 - https:\/\/yoast.com\/wordpress\/plugins\/seo\/ -->\n<title>Productos Especializados &bull; Global Manz<\/title>\n<meta name=\"description\" content=\"Te ofrecemos una oferta de productos especializados que transformar\u00e1n tus espacios, aportando dise\u00f1o, elegancia y seguridad.\" \/>\n<meta name=\"robots\" content=\"index, follow, max-snippet:-1, max-image-preview:large, max-video-preview:-1\" \/>\n<link rel=\"canonical\" href=\"https:\/\/globalmanz.com\/de\/productos-especializados\/\" \/>\n<meta property=\"og:locale\" content=\"de_DE\" \/>\n<meta property=\"og:type\" content=\"article\" \/>\n<meta property=\"og:title\" content=\"Productos Especializados &bull; Global Manz\" \/>\n<meta property=\"og:description\" content=\"Te ofrecemos una oferta de productos especializados que transformar\u00e1n tus espacios, aportando dise\u00f1o, elegancia y seguridad.\" \/>\n<meta property=\"og:url\" content=\"https:\/\/globalmanz.com\/de\/productos-especializados\/\" \/>\n<meta property=\"og:site_name\" content=\"Global Manz\" \/>\n<meta property=\"article:publisher\" content=\"https:\/\/facebook.com\/globalmanz\" \/>\n<meta property=\"article:modified_time\" content=\"2024-07-09T15:23:41+00:00\" \/>\n<meta property=\"og:image\" content=\"https:\/\/globalmanz.com\/wp-content\/uploads\/2023\/05\/pujol-group-e1685544007795.jpg\" \/>\n<meta name=\"twitter:card\" content=\"summary_large_image\" \/>\n<meta name=\"twitter:label1\" content=\"Gesch\u00e4tzte Lesezeit\" \/>\n\t<meta name=\"twitter:data1\" content=\"1\u00a0Minute\" \/>\n<script type=\"application\/ld+json\" class=\"yoast-schema-graph\">{\"@context\":\"https:\/\/schema.org\",\"@graph\":[{\"@type\":\"WebPage\",\"@id\":\"https:\/\/globalmanz.com\/productos-especializados\/\",\"url\":\"https:\/\/globalmanz.com\/productos-especializados\/\",\"name\":\"Productos Especializados &bull; Global Manz\",\"isPartOf\":{\"@id\":\"https:\/\/globalmanz.com\/#website\"},\"datePublished\":\"2024-06-25T10:13:51+00:00\",\"dateModified\":\"2024-07-09T15:23:41+00:00\",\"description\":\"Te ofrecemos una oferta de productos especializados que transformar\u00e1n tus espacios, aportando dise\u00f1o, elegancia y seguridad.\",\"breadcrumb\":{\"@id\":\"https:\/\/globalmanz.com\/productos-especializados\/#breadcrumb\"},\"inLanguage\":\"de\",\"potentialAction\":[{\"@type\":\"ReadAction\",\"target\":[\"https:\/\/globalmanz.com\/productos-especializados\/\"]}]},{\"@type\":\"BreadcrumbList\",\"@id\":\"https:\/\/globalmanz.com\/productos-especializados\/#breadcrumb\",\"itemListElement\":[{\"@type\":\"ListItem\",\"position\":1,\"name\":\"Portada\",\"item\":\"https:\/\/globalmanz.com\/\"},{\"@type\":\"ListItem\",\"position\":2,\"name\":\"Productos Especializados\"}]},{\"@type\":\"WebSite\",\"@id\":\"https:\/\/globalmanz.com\/#website\",\"url\":\"https:\/\/globalmanz.com\/\",\"name\":\"Global Manz\",\"description\":\"\",\"publisher\":{\"@id\":\"https:\/\/globalmanz.com\/#organization\"},\"potentialAction\":[{\"@type\":\"SearchAction\",\"target\":{\"@type\":\"EntryPoint\",\"urlTemplate\":\"https:\/\/globalmanz.com\/?s={search_term_string}\"},\"query-input\":\"required name=search_term_string\"}],\"inLanguage\":\"de\"},{\"@type\":\"Organization\",\"@id\":\"https:\/\/globalmanz.com\/#organization\",\"name\":\"Global Manz\",\"url\":\"https:\/\/globalmanz.com\/\",\"logo\":{\"@type\":\"ImageObject\",\"inLanguage\":\"de\",\"@id\":\"https:\/\/globalmanz.com\/#\/schema\/logo\/image\/\",\"url\":\"https:\/\/globalmanz.com\/wp-content\/uploads\/2023\/06\/Logo-Global-Manz.svg\",\"contentUrl\":\"https:\/\/globalmanz.com\/wp-content\/uploads\/2023\/06\/Logo-Global-Manz.svg\",\"width\":1,\"height\":1,\"caption\":\"Global Manz\"},\"image\":{\"@id\":\"https:\/\/globalmanz.com\/#\/schema\/logo\/image\/\"},\"sameAs\":[\"https:\/\/facebook.com\/globalmanz\",\"https:\/\/instagram.com\/globalmanz\"]}]}<\/script>\n<!-- \/ Yoast SEO plugin. -->","yoast_head_json":{"title":"Productos Especializados &bull; Global Manz","description":"Te ofrecemos una oferta de productos especializados que transformar\u00e1n tus espacios, aportando dise\u00f1o, elegancia y seguridad.","robots":{"index":"index","follow":"follow","max-snippet":"max-snippet:-1","max-image-preview":"max-image-preview:large","max-video-preview":"max-video-preview:-1"},"canonical":"https:\/\/globalmanz.com\/de\/productos-especializados\/","og_locale":"de_DE","og_type":"article","og_title":"Productos Especializados &bull; Global Manz","og_description":"Te ofrecemos una oferta de productos especializados que transformar\u00e1n tus espacios, aportando dise\u00f1o, elegancia y seguridad.","og_url":"https:\/\/globalmanz.com\/de\/productos-especializados\/","og_site_name":"Global Manz","article_publisher":"https:\/\/facebook.com\/globalmanz","article_modified_time":"2024-07-09T15:23:41+00:00","og_image":[{"url":"https:\/\/globalmanz.com\/wp-content\/uploads\/2023\/05\/pujol-group-e1685544007795.jpg"}],"twitter_card":"summary_large_image","twitter_misc":{"Gesch\u00e4tzte Lesezeit":"1\u00a0Minute"},"schema":{"@context":"https:\/\/schema.org","@graph":[{"@type":"WebPage","@id":"https:\/\/globalmanz.com\/productos-especializados\/","url":"https:\/\/globalmanz.com\/productos-especializados\/","name":"Productos Especializados &bull; Global Manz","isPartOf":{"@id":"https:\/\/globalmanz.com\/#website"},"datePublished":"2024-06-25T10:13:51+00:00","dateModified":"2024-07-09T15:23:41+00:00","description":"Te ofrecemos una oferta de productos especializados que transformar\u00e1n tus espacios, aportando dise\u00f1o, elegancia y seguridad.","breadcrumb":{"@id":"https:\/\/globalmanz.com\/productos-especializados\/#breadcrumb"},"inLanguage":"de","potentialAction":[{"@type":"ReadAction","target":["https:\/\/globalmanz.com\/productos-especializados\/"]}]},{"@type":"BreadcrumbList","@id":"https:\/\/globalmanz.com\/productos-especializados\/#breadcrumb","itemListElement":[{"@type":"ListItem","position":1,"name":"Portada","item":"https:\/\/globalmanz.com\/"},{"@type":"ListItem","position":2,"name":"Productos Especializados"}]},{"@type":"WebSite","@id":"https:\/\/globalmanz.com\/#website","url":"https:\/\/globalmanz.com\/","name":"Global Manz","description":"","publisher":{"@id":"https:\/\/globalmanz.com\/#organization"},"potentialAction":[{"@type":"SearchAction","target":{"@type":"EntryPoint","urlTemplate":"https:\/\/globalmanz.com\/?s={search_term_string}"},"query-input":"required name=search_term_string"}],"inLanguage":"de"},{"@type":"Organization","@id":"https:\/\/globalmanz.com\/#organization","name":"Global Manz","url":"https:\/\/globalmanz.com\/","logo":{"@type":"ImageObject","inLanguage":"de","@id":"https:\/\/globalmanz.com\/#\/schema\/logo\/image\/","url":"https:\/\/globalmanz.com\/wp-content\/uploads\/2023\/06\/Logo-Global-Manz.svg","contentUrl":"https:\/\/globalmanz.com\/wp-content\/uploads\/2023\/06\/Logo-Global-Manz.svg","width":1,"height":1,"caption":"Global Manz"},"image":{"@id":"https:\/\/globalmanz.com\/#\/schema\/logo\/image\/"},"sameAs":["https:\/\/facebook.com\/globalmanz","https:\/\/instagram.com\/globalmanz"]}]}},"_links":{"self":[{"href":"https:\/\/globalmanz.com\/de\/wp-json\/wp\/v2\/pages\/1771","targetHints":{"allow":["GET"]}}],"collection":[{"href":"https:\/\/globalmanz.com\/de\/wp-json\/wp\/v2\/pages"}],"about":[{"href":"https:\/\/globalmanz.com\/de\/wp-json\/wp\/v2\/types\/page"}],"author":[{"embeddable":true,"href":"https:\/\/globalmanz.com\/de\/wp-json\/wp\/v2\/users\/1"}],"replies":[{"embeddable":true,"href":"https:\/\/globalmanz.com\/de\/wp-json\/wp\/v2\/comments?post=1771"}],"version-history":[{"count":0,"href":"https:\/\/globalmanz.com\/de\/wp-json\/wp\/v2\/pages\/1771\/revisions"}],"wp:attachment":[{"href":"https:\/\/globalmanz.com\/de\/wp-json\/wp\/v2\/media?parent=1771"}],"curies":[{"name":"wp","href":"https:\/\/api.w.org\/{rel}","templated":true}]}}