{"id":3,"date":"2023-05-23T17:23:55","date_gmt":"2023-05-23T17:23:55","guid":{"rendered":"https:\/\/packagingpulse.eu\/?page_id=3"},"modified":"2024-06-27T10:56:10","modified_gmt":"2024-06-27T10:56:10","slug":"politica-privacidad","status":"publish","type":"page","link":"https:\/\/globalmanz.com\/de\/politica-privacidad\/","title":{"rendered":"Pol\u00edtica de privacidad"},"content":{"rendered":"<div data-elementor-type=\"wp-page\" data-elementor-id=\"3\" class=\"elementor elementor-3\">\n\t\t\t\t<div class=\"elementor-element elementor-element-bacfb67 e-flex e-con-boxed e-con e-parent\" data-id=\"bacfb67\" data-element_type=\"container\" data-settings=\"{&quot;ekit_has_onepagescroll_dot&quot;:&quot;yes&quot;}\">\n\t\t\t\t\t<div class=\"e-con-inner\">\n\t\t<div class=\"elementor-element elementor-element-fb0e2a7 e-con-full e-flex e-con e-child\" data-id=\"fb0e2a7\" data-element_type=\"container\" data-settings=\"{&quot;ekit_has_onepagescroll_dot&quot;:&quot;yes&quot;}\">\n\t\t\t\t<div class=\"elementor-element elementor-element-dabdd65 elementor-widget elementor-widget-heading\" data-id=\"dabdd65\" data-element_type=\"widget\" data-settings=\"{&quot;ekit_we_effect_on&quot;:&quot;none&quot;}\" data-widget_type=\"heading.default\">\n\t\t\t\t<div class=\"elementor-widget-container\">\n\t\t\t<style>\/*! elementor - v3.23.0 - 15-07-2024 *\/\n.elementor-heading-title{padding:0;margin:0;line-height:1}.elementor-widget-heading .elementor-heading-title[class*=elementor-size-]>a{color:inherit;font-size:inherit;line-height:inherit}.elementor-widget-heading .elementor-heading-title.elementor-size-small{font-size:15px}.elementor-widget-heading .elementor-heading-title.elementor-size-medium{font-size:19px}.elementor-widget-heading .elementor-heading-title.elementor-size-large{font-size:29px}.elementor-widget-heading .elementor-heading-title.elementor-size-xl{font-size:39px}.elementor-widget-heading .elementor-heading-title.elementor-size-xxl{font-size:59px}<\/style><h2 class=\"elementor-heading-title elementor-size-default\">POL\u00cdTICA DE PRIVACIDAD<\/h2>\t\t<\/div>\n\t\t\t\t<\/div>\n\t\t\t\t<\/div>\n\t\t\t\t\t<\/div>\n\t\t\t\t<\/div>\n\t\t<div class=\"elementor-element elementor-element-29e26c3 e-flex e-con-boxed e-con e-parent\" data-id=\"29e26c3\" data-element_type=\"container\" data-settings=\"{&quot;ekit_has_onepagescroll_dot&quot;:&quot;yes&quot;}\">\n\t\t\t\t\t<div class=\"e-con-inner\">\n\t\t\t\t<div class=\"elementor-element elementor-element-3724b09 elementor-widget elementor-widget-text-editor\" data-id=\"3724b09\" data-element_type=\"widget\" data-settings=\"{&quot;ekit_we_effect_on&quot;:&quot;none&quot;}\" data-widget_type=\"text-editor.default\">\n\t\t\t\t<div class=\"elementor-widget-container\">\n\t\t\t<style>\/*! elementor - v3.23.0 - 15-07-2024 *\/\n.elementor-widget-text-editor.elementor-drop-cap-view-stacked .elementor-drop-cap{background-color:#69727d;color:#fff}.elementor-widget-text-editor.elementor-drop-cap-view-framed .elementor-drop-cap{color:#69727d;border:3px solid;background-color:transparent}.elementor-widget-text-editor:not(.elementor-drop-cap-view-default) .elementor-drop-cap{margin-top:8px}.elementor-widget-text-editor:not(.elementor-drop-cap-view-default) .elementor-drop-cap-letter{width:1em;height:1em}.elementor-widget-text-editor .elementor-drop-cap{float:left;text-align:center;line-height:1;font-size:50px}.elementor-widget-text-editor .elementor-drop-cap-letter{display:inline-block}<\/style>\t\t\t\t<p><span style=\"font-weight: 400;\">Global Manz desea poner en conocimiento de los usuarios del sitio web su pol\u00edtica respecto del tratamiento y protecci\u00f3n de los datos de car\u00e1cter personal de los usuarios y clientes que recoge de los mismos con motivo de la visualizaci\u00f3n del sitio web, la utilizaci\u00f3n de los servicios ofrecidos en el mismo, redes sociales y otro medio electr\u00f3nico.<\/span><\/p>\n<p><span style=\"font-weight: 400;\">La recogida de datos personales, el tratamiento y su utilizaci\u00f3n posterior se sujetan a la legislaci\u00f3n vigente en Espa\u00f1a en materia de protecci\u00f3n de datos, establecida actualmente por la Ley 3\/2018, de 5 de diciembre de Protecci\u00f3n de Datos de Car\u00e1cter Personal (en adelante LOPD-GDD) y su normativa complementaria, y por el Reglamento (UE) 2016\/679 del Parlamento Europeo y del Consejo de 27 de abril de 2016 relativo a la protecci\u00f3n de las personas f\u00edsicas en lo que respecta al tratamiento de datos personales y a la libre circulaci\u00f3n de estos datos y por el que se deroga la Directiva 95\/46\/CE (Reglamento general de protecci\u00f3n de datos).<\/span><\/p>\n<p><b>Donde se recogen sus datos personales<\/b><\/p>\n<p><span style=\"font-weight: 400;\">Global Manz informa a sus usuarios que la recogida de datos de car\u00e1cter personal podr\u00eda obtenerse, principalmente, a trav\u00e9s del env\u00edo de un correo electr\u00f3nico a la direcci\u00f3n electr\u00f3nica michael@globalmanz.com, siempre que usted incluyese en el mismo alg\u00fan dato de car\u00e1cter personal, as\u00ed como por medio de los formularios en los que se identifique a Global Manz como responsable de los datos recabados por medio de los mismos.<\/span><\/p>\n<p><span style=\"font-weight: 400;\">Global Manz informa a los usuarios del sitio web que el car\u00e1cter facultativo u obligatorio de la cumplimentaci\u00f3n de la totalidad de los datos solicitados ser\u00e1 advertido previamente.<\/span><\/p>\n<p><span style=\"font-weight: 400;\">Si usted no desea que Global Manz someta a tratamiento sus datos personales, con la finalidad indicada, le rogamos se abstenga de cumplimentar los formularios existentes en el sitio web. En cualquier caso, se le informar\u00e1 expresamente y de forma legible respecto de las condiciones en que se recogen datos personales y las finalidades con las que van a ser utilizados, de la obligaci\u00f3n de facilitarlos o no, de los derechos que asisten al usuario, de las condiciones en que se pueden ejercitar, y de cualquier otra informaci\u00f3n complementaria que resulte necesaria.<\/span><\/p>\n<p><span style=\"font-weight: 400;\">Por tratamiento de datos personales se entender\u00e1 aquellas operaciones y procedimientos t\u00e9cnicos de car\u00e1cter automatizado o no, que permitan la recogida, grabaci\u00f3n, conservaci\u00f3n, elaboraci\u00f3n, modificaci\u00f3n, bloqueo y cancelaci\u00f3n, as\u00ed como las cesiones de datos que resulten de comunicaciones, consultas, interconexiones y transferencias.<\/span><\/p>\n<p><b>Responsable del tratamiento<\/b><\/p>\n<p><span style=\"font-weight: 400;\">SOLUCIONES PL\u00c1STICAS CREATIVAS SL<\/span><\/p>\n<p><span style=\"font-weight: 400;\">B97868921<\/span><\/p>\n<p><span style=\"font-weight: 400;\">Av. de la Diputaci\u00f3 Provincial, 12 - 1 1 1<\/span><\/p>\n<p><span style=\"font-weight: 400;\">L'Oller\u00eda (46850), Valencia, Spanien<\/span><\/p>\n<p><span style=\"font-weight: 400;\">Tel\u00e9fono: <\/span><span style=\"font-weight: 400;\">\u00a0<\/span><span style=\"font-weight: 400;\">607 78 36 36<\/span><\/p>\n<p><span style=\"font-weight: 400;\">Email de contacto: michael@globalmanz.com<\/span><\/p>\n<p><b>Finalidad de la recogida y tratamiento de datos personales<\/b><\/p>\n<p><span style=\"font-weight: 400;\">Respecto de los datos personales recogidos por e-mail y\/o cumplimentaci\u00f3n de los formularios de la web, las finalidades de tratamiento ser\u00e1n las siguientes:<\/span><\/p>\n<ol>\n<li><span style=\"font-weight: 400;\">CONTACTOS: contestar a su comunicaci\u00f3n; atender su solicitud de informaci\u00f3n; incluirle en la agenda de contactos a usted o a la empresa a la que pertenece, facilitar futuras relaciones comerciales o gestionar la relaci\u00f3n comercial actualmente existente, llevar a cabo las comunicaciones necesarias a trav\u00e9s de usted, remitirle la documentaci\u00f3n necesaria o informaci\u00f3n solicitada, as\u00ed como mantener un hist\u00f3rico de relaciones comerciales y de comunicaciones. Permitir el env\u00edo de nuestra newsletter, utilizando para ello su e-mail.<\/span><\/li>\n<li><span style=\"font-weight: 400;\">FORMULARIOS: atender su solicitud de informaci\u00f3n; incluirle en la agenda de contactos a usted o a la empresa a la que pertenece, facilitar futuras relaciones comerciales o gestionar la relaci\u00f3n comercial actualmente existente, llevar a cabo las comunicaciones necesarias a trav\u00e9s de usted, remitirle la documentaci\u00f3n necesaria o informaci\u00f3n solicitada, as\u00ed como mantener un hist\u00f3rico de relaciones comerciales y de comunicaciones. Permitir el env\u00edo de nuestra newsletter, utilizando para ello su e-mail.<\/span><\/li>\n<li><span style=\"font-weight: 400;\">\u00a0CURRICULUM: atender su ofrecimiento profesional y gestionar los procesos de selecci\u00f3n llevados a cabo en la entidad durante el tiempo de conservaci\u00f3n de su curr\u00edculum.<\/span><\/li>\n<li>COOKIES: Por lo que se refiere a las finalidades del uso de las cookies, consulte nuestra Pol\u00edtica de Cookies.<\/li>\n<li>GESTI\u00d3N: Prestar el servicio contratado o la entrega del bien solicitado, la facturaci\u00f3n y el cobro.<\/li>\n<\/ol>\n<p><b>Decisiones individuales automatizadas<\/b><\/p>\n<p><span style=\"font-weight: 400;\">Global Manz no utiliza procesos de toma de decisiones totalmente automatizados para entablar, desarrollar o terminar una relaci\u00f3n contractual con el cliente. Con el fin de poder ofrecerle productos y\/o servicios de acuerdo con sus intereses y mejorar su experiencia de usuario, podremos elaborar un \u00abperfil comercial\u00bb en base a la informaci\u00f3n facilitada. No obstante, no se tomar\u00e1n decisiones automatizadas en base a dicho perfil.<\/span><\/p>\n<p><b>Legitimaci\u00f3n<\/b><\/p>\n<p><span style=\"font-weight: 400;\">La legitimaci\u00f3n del tratamiento de datos personales est\u00e1 basada en el consentimiento del usuario al aceptar la pol\u00edtica de privacidad y pol\u00edtica de cookies y enviarnos sus datos personales. El usuario puede revocar su consentimiento en cualquier momento.<\/span><\/p>\n<p><b>Confidencialidad y seguridad<\/b><\/p>\n<p><span style=\"font-weight: 400;\">Los datos de car\u00e1cter personal objeto de tratamiento no se utilizar\u00e1n para otras finalidades que no se encuentren aqu\u00ed recogidas o, en su caso, por otro documento o contrato que vinculase a ambas partes con condiciones particulares. Salvo consentimiento expreso por parte de los usuarios, no realizar\u00e1 cesiones ni comunicaciones de datos a terceros que no est\u00e9n previstos en la LOPD.<\/span><\/p>\n<p><span style=\"font-weight: 400;\">El responsable tomar\u00e1 medidas para garantizar que cualquier persona que act\u00fae bajo su autoridad y tenga acceso a datos personales solo pueda tratar dichos datos siguiendo instrucciones del responsable, salvo que est\u00e9 obligada a ello en virtud del Derecho de la Uni\u00f3n o de los Estados miembros.<\/span><\/p>\n<p><span style=\"font-weight: 400;\">El Responsable de Tratamiento informa a los usuarios que, teniendo en cuenta el estado de la t\u00e9cnica, los costes de aplicaci\u00f3n, y la naturaleza, el alcance, el contexto y los fines del tratamiento, as\u00ed como riesgos de probabilidad y gravedad variables para los derechos y libertades de las personas f\u00edsicas, el responsable y, en su caso, el encargado del tratamiento aplicar\u00e1, medidas t\u00e9cnicas y organizativas apropiadas para garantizar un nivel de seguridad adecuado al riesgo.<\/span><\/p>\n<p><b>Calidad de los datos<\/b><\/p>\n<p><span style=\"font-weight: 400;\">Los datos que se comuniquen a trav\u00e9s de la web o un formulario tendr\u00e1n que ser exactos y puestos al d\u00eda siendo de exclusiva responsabilidad de los usuarios la actualizaci\u00f3n de los datos.<\/span><\/p>\n<p><b>Ejercicio de los derechos<\/b><\/p>\n<p><span style=\"font-weight: 400;\">Global Manz le informa de que los usuarios podr\u00e1n ejercitar los derechos de acceso, rectificaci\u00f3n, cancelaci\u00f3n, oposici\u00f3n, limitaci\u00f3n al tratamiento de datos y a la portabilidad de los datos, mediante cualquiera de los siguientes medios:<\/span><\/p>\n<ol>\n<li><span style=\"font-weight: 400;\">El ejercicio de estos derechos por parte del usuario deber\u00e1 realizarse dirigiendo una comunicaci\u00f3n escrita, junto con la fotocopia del Documento Nacional de Identidad u otro medio v\u00e1lido en derecho que acredite la identidad del usuario, a la siguiente direcci\u00f3n: Calle Alcalde Ismail Engo Barber, 2- bajo, L\u2019Oller\u00eda (46850), Valencia, Espa\u00f1a. <\/span>Dicha comunicaci\u00f3n contendr\u00e1 la siguiente informaci\u00f3n:<\/li>\n<\/ol>\n<ul>\n<li><span style=\"font-weight: 400;\"> Nombre y apellidos del usuario.<\/span><\/li>\n<li><span style=\"font-weight: 400;\"> Petici\u00f3n en que concreta la solicitud.<\/span><\/li>\n<li><span style=\"font-weight: 400;\"> Domicilio a efectos de notificaciones, fecha y firma del usuario.<\/span><\/li>\n<li><span style=\"font-weight: 400;\"> Documentos acreditativos de la petici\u00f3n que formula, en su caso.<\/span><\/li>\n<\/ul>\n<p><span style=\"font-weight: 400;\">\u00a0 \u00a0 \u00a0 \u00a0 2. Por correo electr\u00f3nico en la direcci\u00f3n <\/span><a href=\"mailto:michael@globalmanz.com\"><span style=\"font-weight: 400;\">michael@globalmanz.com<\/span><\/a><span style=\"font-weight: 400;\"> al que deber\u00e1 dirigir una comunicaci\u00f3n desde la cuenta registrada en nuestros ficheros.\u00a0 \u00a0 \u00a0 \u00a0 \u00a0 \u00a0 \u00a0 \u00a0 Dicha comunicaci\u00f3n contendr\u00e1 la misma informaci\u00f3n que la indicada en el apartado anterior.<\/span><\/p>\n<p><b>Tiempo de conservaci\u00f3n<\/b><\/p>\n<p><span style=\"font-weight: 400;\">Los datos personales identificativos de clientes son conservados mientras se mantenga relaci\u00f3n contractual con el cliente, permanezca de alta en el servicio o no ha solicitado expresamente la baja y cancelaci\u00f3n de datos, y siempre en el plazo m\u00ednimo obligado por la legislaci\u00f3n. Los datos de contactos se conservan indefinidamente hasta que han solicitado expresamente la baja.<\/span><\/p>\n<p><span style=\"font-weight: 400;\">Los datos de curriculum se conservan durante un plazo m\u00e1ximo de un a\u00f1o.\u00a0<\/span><\/p>\n<p><span style=\"font-weight: 400;\">Se proceder\u00e1 a la eliminaci\u00f3n de los datos recogidos cuando dejen de ser necesarios o pertinentes para la finalidad para la que hubiesen sido recogidos o registrados. En el caso de que los datos recogidos se pretendan utilizar para una finalidad distinta a la que hubiesen sido recogidos se requerir\u00e1 el consentimiento previo de los interesados.<\/span><\/p>\n<p><b>Menores<\/b><\/p>\n<p><span style=\"font-weight: 400;\">A trav\u00e9s de los formularios no recogemos el dato de fecha de nacimiento ni edad, por lo que solo los mayores de edad, podr\u00e1n enviarnos sus datos personales, o en caso contrario deber\u00e1 remitir la autorizaci\u00f3n del padre, madre o tutor.<\/span><\/p>\n<p><b>Garant\u00edas de los derechos digitales<\/b><\/p>\n<p><span style=\"font-weight: 400;\">Tal y como establece la nueva Ley 3\/2018 de la LOPD y GDD:<\/span><\/p>\n<ul>\n<li><span style=\"font-weight: 400;\"> Los usuarios de la Web y redes sociales, tienen derecho a la seguridad de las comunicaciones que transmitan y reciban a trav\u00e9s de Internet y tienen todos derecho a la libertad de expresi\u00f3n en Internet.<\/span><\/li>\n<li><span style=\"font-weight: 400;\"> Global Manz ha adoptado protocolos adecuados para posibilitar el ejercicio del derecho de rectificaci\u00f3n ante los usuarios que difundan contenidos que atenten contra el derecho al honor, la intimidad personal y familiar en Internet y el derecho a comunicar o recibir libremente informaci\u00f3n veraz, atendiendo a los requisitos y procedimientos previstos en la Ley Org\u00e1nica 2\/1984, de 26 de marzo, reguladora del derecho de rectificaci\u00f3n.<\/span><\/li>\n<li><span style=\"font-weight: 400;\"> Toda persona tiene derecho a que sean suprimidos, a su simple solicitud, los datos personales que hubiese facilitado para su publicaci\u00f3n por servicios de redes sociales de\u00a0 Global Manz y servicios de la sociedad de la informaci\u00f3n equivalentes.<\/span><\/li>\n<li><span style=\"font-weight: 400;\"> Toda persona tiene derecho a que sean suprimidos los datos personales que le conciernan y que hubiesen sido facilitados por terceros para su publicaci\u00f3n por los servicios de redes sociales y servicios de la sociedad de la informaci\u00f3n equivalentes cuando fuesen inadecuados, inexactos, no pertinentes, no actualizados o excesivos o hubieren devenido como tales por el transcurso del tiempo, teniendo en cuenta los fines para los que se recogieron o trataron, el tiempo transcurrido y la naturaleza e inter\u00e9s p\u00fablico de la informaci\u00f3n.<\/span><\/li>\n<\/ul>\t\t\t\t\t\t<\/div>\n\t\t\t\t<\/div>\n\t\t\t\t\t<\/div>\n\t\t\t\t<\/div>\n\t\t\t\t<\/div>","protected":false},"excerpt":{"rendered":"<p>POL\u00cdTICA DE PRIVACIDAD Global Manz desea poner en conocimiento de los usuarios del sitio web su pol\u00edtica respecto del tratamiento y protecci\u00f3n de los datos de car\u00e1cter personal de los usuarios y clientes que recoge de los mismos con motivo de la visualizaci\u00f3n del sitio web, la utilizaci\u00f3n de los servicios ofrecidos en el mismo, &hellip;<\/p>\n<p class=\"read-more\"> <a class=\"\" href=\"https:\/\/globalmanz.com\/de\/politica-privacidad\/\"> <span class=\"screen-reader-text\">Pol\u00edtica de privacidad<\/span> Weiterlesen \"<\/a><\/p>","protected":false},"author":1,"featured_media":0,"parent":0,"menu_order":0,"comment_status":"closed","ping_status":"closed","template":"","meta":{"site-sidebar-layout":"default","site-content-layout":"default","ast-global-header-display":"","ast-banner-title-visibility":"","ast-main-header-display":"","ast-hfb-above-header-display":"","ast-hfb-below-header-display":"","ast-hfb-mobile-header-display":"","site-post-title":"","ast-breadcrumbs-content":"","ast-featured-img":"","footer-sml-layout":"","theme-transparent-header-meta":"","adv-header-id-meta":"","stick-header-meta":"","header-above-stick-meta":"","header-main-stick-meta":"","header-below-stick-meta":"","footnotes":""},"class_list":["post-3","page","type-page","status-publish","hentry"],"yoast_head":"<!-- This site is optimized with the Yoast SEO plugin v20.7 - https:\/\/yoast.com\/wordpress\/plugins\/seo\/ -->\n<title>Pol\u00edtica de privacidad &bull; Global Manz<\/title>\n<meta name=\"robots\" content=\"noindex, follow\" \/>\n<meta property=\"og:locale\" content=\"de_DE\" \/>\n<meta property=\"og:type\" content=\"article\" \/>\n<meta property=\"og:title\" content=\"Pol\u00edtica de privacidad &bull; Global Manz\" \/>\n<meta property=\"og:description\" content=\"POL\u00cdTICA DE PRIVACIDAD Global Manz desea poner en conocimiento de los usuarios del sitio web su pol\u00edtica respecto del tratamiento y protecci\u00f3n de los datos de car\u00e1cter personal de los usuarios y clientes que recoge de los mismos con motivo de la visualizaci\u00f3n del sitio web, la utilizaci\u00f3n de los servicios ofrecidos en el mismo, &hellip; Pol\u00edtica de privacidad Weiterlesen &raquo;\" \/>\n<meta property=\"og:url\" content=\"https:\/\/globalmanz.com\/de\/politica-privacidad\/\" \/>\n<meta property=\"og:site_name\" content=\"Global Manz\" \/>\n<meta property=\"article:publisher\" content=\"https:\/\/facebook.com\/globalmanz\" \/>\n<meta property=\"article:modified_time\" content=\"2024-06-27T10:56:10+00:00\" \/>\n<meta name=\"twitter:card\" content=\"summary_large_image\" \/>\n<meta name=\"twitter:label1\" content=\"Gesch\u00e4tzte Lesezeit\" \/>\n\t<meta name=\"twitter:data1\" content=\"8\u00a0Minuten\" \/>\n<script type=\"application\/ld+json\" class=\"yoast-schema-graph\">{\"@context\":\"https:\/\/schema.org\",\"@graph\":[{\"@type\":\"WebPage\",\"@id\":\"https:\/\/globalmanz.com\/politica-privacidad\/\",\"url\":\"https:\/\/globalmanz.com\/politica-privacidad\/\",\"name\":\"Pol\u00edtica de privacidad &bull; Global Manz\",\"isPartOf\":{\"@id\":\"https:\/\/globalmanz.com\/#website\"},\"datePublished\":\"2023-05-23T17:23:55+00:00\",\"dateModified\":\"2024-06-27T10:56:10+00:00\",\"breadcrumb\":{\"@id\":\"https:\/\/globalmanz.com\/politica-privacidad\/#breadcrumb\"},\"inLanguage\":\"de\",\"potentialAction\":[{\"@type\":\"ReadAction\",\"target\":[\"https:\/\/globalmanz.com\/politica-privacidad\/\"]}]},{\"@type\":\"BreadcrumbList\",\"@id\":\"https:\/\/globalmanz.com\/politica-privacidad\/#breadcrumb\",\"itemListElement\":[{\"@type\":\"ListItem\",\"position\":1,\"name\":\"Portada\",\"item\":\"https:\/\/globalmanz.com\/\"},{\"@type\":\"ListItem\",\"position\":2,\"name\":\"Pol\u00edtica de privacidad\"}]},{\"@type\":\"WebSite\",\"@id\":\"https:\/\/globalmanz.com\/#website\",\"url\":\"https:\/\/globalmanz.com\/\",\"name\":\"Global Manz\",\"description\":\"\",\"publisher\":{\"@id\":\"https:\/\/globalmanz.com\/#organization\"},\"potentialAction\":[{\"@type\":\"SearchAction\",\"target\":{\"@type\":\"EntryPoint\",\"urlTemplate\":\"https:\/\/globalmanz.com\/?s={search_term_string}\"},\"query-input\":\"required name=search_term_string\"}],\"inLanguage\":\"de\"},{\"@type\":\"Organization\",\"@id\":\"https:\/\/globalmanz.com\/#organization\",\"name\":\"Global Manz\",\"url\":\"https:\/\/globalmanz.com\/\",\"logo\":{\"@type\":\"ImageObject\",\"inLanguage\":\"de\",\"@id\":\"https:\/\/globalmanz.com\/#\/schema\/logo\/image\/\",\"url\":\"https:\/\/globalmanz.com\/wp-content\/uploads\/2023\/06\/Logo-Global-Manz.svg\",\"contentUrl\":\"https:\/\/globalmanz.com\/wp-content\/uploads\/2023\/06\/Logo-Global-Manz.svg\",\"width\":1,\"height\":1,\"caption\":\"Global Manz\"},\"image\":{\"@id\":\"https:\/\/globalmanz.com\/#\/schema\/logo\/image\/\"},\"sameAs\":[\"https:\/\/facebook.com\/globalmanz\",\"https:\/\/instagram.com\/globalmanz\"]}]}<\/script>\n<!-- \/ Yoast SEO plugin. -->","yoast_head_json":{"title":"Pol\u00edtica de privacidad &bull; Global Manz","robots":{"index":"noindex","follow":"follow"},"og_locale":"de_DE","og_type":"article","og_title":"Pol\u00edtica de privacidad &bull; Global Manz","og_description":"POL\u00cdTICA DE PRIVACIDAD Global Manz desea poner en conocimiento de los usuarios del sitio web su pol\u00edtica respecto del tratamiento y protecci\u00f3n de los datos de car\u00e1cter personal de los usuarios y clientes que recoge de los mismos con motivo de la visualizaci\u00f3n del sitio web, la utilizaci\u00f3n de los servicios ofrecidos en el mismo, &hellip; Pol\u00edtica de privacidad Weiterlesen &raquo;","og_url":"https:\/\/globalmanz.com\/de\/politica-privacidad\/","og_site_name":"Global Manz","article_publisher":"https:\/\/facebook.com\/globalmanz","article_modified_time":"2024-06-27T10:56:10+00:00","twitter_card":"summary_large_image","twitter_misc":{"Gesch\u00e4tzte Lesezeit":"8\u00a0Minuten"},"schema":{"@context":"https:\/\/schema.org","@graph":[{"@type":"WebPage","@id":"https:\/\/globalmanz.com\/politica-privacidad\/","url":"https:\/\/globalmanz.com\/politica-privacidad\/","name":"Pol\u00edtica de privacidad &bull; Global Manz","isPartOf":{"@id":"https:\/\/globalmanz.com\/#website"},"datePublished":"2023-05-23T17:23:55+00:00","dateModified":"2024-06-27T10:56:10+00:00","breadcrumb":{"@id":"https:\/\/globalmanz.com\/politica-privacidad\/#breadcrumb"},"inLanguage":"de","potentialAction":[{"@type":"ReadAction","target":["https:\/\/globalmanz.com\/politica-privacidad\/"]}]},{"@type":"BreadcrumbList","@id":"https:\/\/globalmanz.com\/politica-privacidad\/#breadcrumb","itemListElement":[{"@type":"ListItem","position":1,"name":"Portada","item":"https:\/\/globalmanz.com\/"},{"@type":"ListItem","position":2,"name":"Pol\u00edtica de privacidad"}]},{"@type":"WebSite","@id":"https:\/\/globalmanz.com\/#website","url":"https:\/\/globalmanz.com\/","name":"Global Manz","description":"","publisher":{"@id":"https:\/\/globalmanz.com\/#organization"},"potentialAction":[{"@type":"SearchAction","target":{"@type":"EntryPoint","urlTemplate":"https:\/\/globalmanz.com\/?s={search_term_string}"},"query-input":"required name=search_term_string"}],"inLanguage":"de"},{"@type":"Organization","@id":"https:\/\/globalmanz.com\/#organization","name":"Global Manz","url":"https:\/\/globalmanz.com\/","logo":{"@type":"ImageObject","inLanguage":"de","@id":"https:\/\/globalmanz.com\/#\/schema\/logo\/image\/","url":"https:\/\/globalmanz.com\/wp-content\/uploads\/2023\/06\/Logo-Global-Manz.svg","contentUrl":"https:\/\/globalmanz.com\/wp-content\/uploads\/2023\/06\/Logo-Global-Manz.svg","width":1,"height":1,"caption":"Global Manz"},"image":{"@id":"https:\/\/globalmanz.com\/#\/schema\/logo\/image\/"},"sameAs":["https:\/\/facebook.com\/globalmanz","https:\/\/instagram.com\/globalmanz"]}]}},"_links":{"self":[{"href":"https:\/\/globalmanz.com\/de\/wp-json\/wp\/v2\/pages\/3","targetHints":{"allow":["GET"]}}],"collection":[{"href":"https:\/\/globalmanz.com\/de\/wp-json\/wp\/v2\/pages"}],"about":[{"href":"https:\/\/globalmanz.com\/de\/wp-json\/wp\/v2\/types\/page"}],"author":[{"embeddable":true,"href":"https:\/\/globalmanz.com\/de\/wp-json\/wp\/v2\/users\/1"}],"replies":[{"embeddable":true,"href":"https:\/\/globalmanz.com\/de\/wp-json\/wp\/v2\/comments?post=3"}],"version-history":[{"count":0,"href":"https:\/\/globalmanz.com\/de\/wp-json\/wp\/v2\/pages\/3\/revisions"}],"wp:attachment":[{"href":"https:\/\/globalmanz.com\/de\/wp-json\/wp\/v2\/media?parent=3"}],"curies":[{"name":"wp","href":"https:\/\/api.w.org\/{rel}","templated":true}]}}